{"id":582,"date":"2025-01-16T18:10:20","date_gmt":"2025-01-16T17:10:20","guid":{"rendered":"https:\/\/comiti-concept.fr\/?page_id=582"},"modified":"2025-09-03T12:41:43","modified_gmt":"2025-09-03T10:41:43","slug":"cuisiniste-a-salles-agencement-et-decorateur-en-cuisines-equipees-dressings-remplacement-de-plans-de-travail-et-renouvellement-delectromenager","status":"publish","type":"page","link":"https:\/\/comiti-concept.fr\/","title":{"rendered":"Accueil"},"content":{"rendered":"","protected":false},"excerpt":{"rendered":"","protected":false},"author":1,"featured_media":843,"parent":0,"menu_order":0,"comment_status":"closed","ping_status":"closed","template":"","meta":{"footnotes":""},"class_list":["post-582","page","type-page","status-publish","has-post-thumbnail","hentry"],"yoast_head":"<!-- This site is optimized with the Yoast SEO plugin v25.1 - https:\/\/yoast.com\/wordpress\/plugins\/seo\/ -->\n<title>Accueil -<\/title>\n<meta name=\"description\" content=\"Fourniture et ventes de cuisines \u00e9quip\u00e9es, de dressings, remplacement de plans de travail et renouvellement d&#039;\u00e9lectrom\u00e9nager\" \/>\n<meta name=\"robots\" content=\"index, follow, max-snippet:-1, max-image-preview:large, max-video-preview:-1\" \/>\n<link rel=\"canonical\" href=\"https:\/\/comiti-concept.fr\/\" \/>\n<meta property=\"og:locale\" content=\"fr_FR\" \/>\n<meta property=\"og:type\" content=\"article\" \/>\n<meta property=\"og:title\" content=\"Accueil -\" \/>\n<meta property=\"og:description\" content=\"Fourniture et ventes de cuisines \u00e9quip\u00e9es, de dressings, remplacement de plans de travail et renouvellement d&#039;\u00e9lectrom\u00e9nager\" \/>\n<meta property=\"og:url\" content=\"https:\/\/comiti-concept.fr\/\" \/>\n<meta property=\"article:modified_time\" content=\"2025-09-03T10:41:43+00:00\" \/>\n<meta property=\"og:image\" content=\"http:\/\/comiti-concept.fr\/wp-content\/uploads\/2025\/05\/vue-cuisine-Fenix-noire-scaled.jpg\" \/>\n\t<meta property=\"og:image:width\" content=\"2560\" \/>\n\t<meta property=\"og:image:height\" content=\"1244\" \/>\n\t<meta property=\"og:image:type\" content=\"image\/jpeg\" \/>\n<meta name=\"twitter:card\" content=\"summary_large_image\" \/>\n<meta name=\"twitter:label1\" content=\"Dur\u00e9e de lecture estim\u00e9e\" \/>\n\t<meta name=\"twitter:data1\" content=\"1 minute\" \/>\n<script type=\"application\/ld+json\" class=\"yoast-schema-graph\">{\"@context\":\"https:\/\/schema.org\",\"@graph\":[{\"@type\":\"WebPage\",\"@id\":\"https:\/\/comiti-concept.fr\/\",\"url\":\"https:\/\/comiti-concept.fr\/\",\"name\":\"Accueil -\",\"isPartOf\":{\"@id\":\"https:\/\/comiti-concept.fr\/#website\"},\"primaryImageOfPage\":{\"@id\":\"https:\/\/comiti-concept.fr\/#primaryimage\"},\"image\":{\"@id\":\"https:\/\/comiti-concept.fr\/#primaryimage\"},\"thumbnailUrl\":\"https:\/\/comiti-concept.fr\/wp-content\/uploads\/2025\/05\/vue-cuisine-Fenix-noire-scaled.jpg\",\"datePublished\":\"2025-01-16T17:10:20+00:00\",\"dateModified\":\"2025-09-03T10:41:43+00:00\",\"description\":\"Fourniture et ventes de cuisines \u00e9quip\u00e9es, de dressings, remplacement de plans de travail et renouvellement d'\u00e9lectrom\u00e9nager\",\"breadcrumb\":{\"@id\":\"https:\/\/comiti-concept.fr\/#breadcrumb\"},\"inLanguage\":\"fr-FR\",\"potentialAction\":[{\"@type\":\"ReadAction\",\"target\":[\"https:\/\/comiti-concept.fr\/\"]}]},{\"@type\":\"ImageObject\",\"inLanguage\":\"fr-FR\",\"@id\":\"https:\/\/comiti-concept.fr\/#primaryimage\",\"url\":\"https:\/\/comiti-concept.fr\/wp-content\/uploads\/2025\/05\/vue-cuisine-Fenix-noire-scaled.jpg\",\"contentUrl\":\"https:\/\/comiti-concept.fr\/wp-content\/uploads\/2025\/05\/vue-cuisine-Fenix-noire-scaled.jpg\",\"width\":2560,\"height\":1244},{\"@type\":\"BreadcrumbList\",\"@id\":\"https:\/\/comiti-concept.fr\/#breadcrumb\",\"itemListElement\":[{\"@type\":\"ListItem\",\"position\":1,\"name\":\"Accueil\",\"item\":\"https:\/\/comiti-concept.fr\/\"},{\"@type\":\"ListItem\",\"position\":2,\"name\":\"Accueil\"}]},{\"@type\":\"WebSite\",\"@id\":\"https:\/\/comiti-concept.fr\/#website\",\"url\":\"https:\/\/comiti-concept.fr\/\",\"name\":\"\",\"description\":\"Conseils en agencement de cuisines et d\u00e9co d&#039;int\u00e9rieur\",\"potentialAction\":[{\"@type\":\"SearchAction\",\"target\":{\"@type\":\"EntryPoint\",\"urlTemplate\":\"https:\/\/comiti-concept.fr\/?s={search_term_string}\"},\"query-input\":{\"@type\":\"PropertyValueSpecification\",\"valueRequired\":true,\"valueName\":\"search_term_string\"}}],\"inLanguage\":\"fr-FR\"}]}<\/script>\n<!-- \/ Yoast SEO plugin. -->","yoast_head_json":{"title":"Accueil -","description":"Fourniture et ventes de cuisines \u00e9quip\u00e9es, de dressings, remplacement de plans de travail et renouvellement d'\u00e9lectrom\u00e9nager","robots":{"index":"index","follow":"follow","max-snippet":"max-snippet:-1","max-image-preview":"max-image-preview:large","max-video-preview":"max-video-preview:-1"},"canonical":"https:\/\/comiti-concept.fr\/","og_locale":"fr_FR","og_type":"article","og_title":"Accueil -","og_description":"Fourniture et ventes de cuisines \u00e9quip\u00e9es, de dressings, remplacement de plans de travail et renouvellement d'\u00e9lectrom\u00e9nager","og_url":"https:\/\/comiti-concept.fr\/","article_modified_time":"2025-09-03T10:41:43+00:00","og_image":[{"width":2560,"height":1244,"url":"http:\/\/comiti-concept.fr\/wp-content\/uploads\/2025\/05\/vue-cuisine-Fenix-noire-scaled.jpg","type":"image\/jpeg"}],"twitter_card":"summary_large_image","twitter_misc":{"Dur\u00e9e de lecture estim\u00e9e":"1 minute"},"schema":{"@context":"https:\/\/schema.org","@graph":[{"@type":"WebPage","@id":"https:\/\/comiti-concept.fr\/","url":"https:\/\/comiti-concept.fr\/","name":"Accueil -","isPartOf":{"@id":"https:\/\/comiti-concept.fr\/#website"},"primaryImageOfPage":{"@id":"https:\/\/comiti-concept.fr\/#primaryimage"},"image":{"@id":"https:\/\/comiti-concept.fr\/#primaryimage"},"thumbnailUrl":"https:\/\/comiti-concept.fr\/wp-content\/uploads\/2025\/05\/vue-cuisine-Fenix-noire-scaled.jpg","datePublished":"2025-01-16T17:10:20+00:00","dateModified":"2025-09-03T10:41:43+00:00","description":"Fourniture et ventes de cuisines \u00e9quip\u00e9es, de dressings, remplacement de plans de travail et renouvellement d'\u00e9lectrom\u00e9nager","breadcrumb":{"@id":"https:\/\/comiti-concept.fr\/#breadcrumb"},"inLanguage":"fr-FR","potentialAction":[{"@type":"ReadAction","target":["https:\/\/comiti-concept.fr\/"]}]},{"@type":"ImageObject","inLanguage":"fr-FR","@id":"https:\/\/comiti-concept.fr\/#primaryimage","url":"https:\/\/comiti-concept.fr\/wp-content\/uploads\/2025\/05\/vue-cuisine-Fenix-noire-scaled.jpg","contentUrl":"https:\/\/comiti-concept.fr\/wp-content\/uploads\/2025\/05\/vue-cuisine-Fenix-noire-scaled.jpg","width":2560,"height":1244},{"@type":"BreadcrumbList","@id":"https:\/\/comiti-concept.fr\/#breadcrumb","itemListElement":[{"@type":"ListItem","position":1,"name":"Accueil","item":"https:\/\/comiti-concept.fr\/"},{"@type":"ListItem","position":2,"name":"Accueil"}]},{"@type":"WebSite","@id":"https:\/\/comiti-concept.fr\/#website","url":"https:\/\/comiti-concept.fr\/","name":"","description":"Conseils en agencement de cuisines et d\u00e9co d&#039;int\u00e9rieur","potentialAction":[{"@type":"SearchAction","target":{"@type":"EntryPoint","urlTemplate":"https:\/\/comiti-concept.fr\/?s={search_term_string}"},"query-input":{"@type":"PropertyValueSpecification","valueRequired":true,"valueName":"search_term_string"}}],"inLanguage":"fr-FR"}]}},"rttpg_featured_image_url":{"full":["https:\/\/comiti-concept.fr\/wp-content\/uploads\/2025\/05\/vue-cuisine-Fenix-noire-scaled.jpg",2560,1244,false],"landscape":["https:\/\/comiti-concept.fr\/wp-content\/uploads\/2025\/05\/vue-cuisine-Fenix-noire-scaled.jpg",2560,1244,false],"portraits":["https:\/\/comiti-concept.fr\/wp-content\/uploads\/2025\/05\/vue-cuisine-Fenix-noire-scaled.jpg",2560,1244,false],"thumbnail":["https:\/\/comiti-concept.fr\/wp-content\/uploads\/2025\/05\/vue-cuisine-Fenix-noire-150x150.jpg",150,150,true],"medium":["https:\/\/comiti-concept.fr\/wp-content\/uploads\/2025\/05\/vue-cuisine-Fenix-noire-300x146.jpg",300,146,true],"large":["https:\/\/comiti-concept.fr\/wp-content\/uploads\/2025\/05\/vue-cuisine-Fenix-noire-1024x498.jpg",1024,498,true],"1536x1536":["https:\/\/comiti-concept.fr\/wp-content\/uploads\/2025\/05\/vue-cuisine-Fenix-noire-1536x747.jpg",1536,747,true],"2048x2048":["https:\/\/comiti-concept.fr\/wp-content\/uploads\/2025\/05\/vue-cuisine-Fenix-noire-2048x996.jpg",2048,996,true],"post-thumbnail":["https:\/\/comiti-concept.fr\/wp-content\/uploads\/2025\/05\/vue-cuisine-Fenix-noire-617x300.jpg",617,300,true],"bravada-featured":["https:\/\/comiti-concept.fr\/wp-content\/uploads\/2025\/05\/vue-cuisine-Fenix-noire-903x300.jpg",903,300,true],"bravada-featured-lp":["https:\/\/comiti-concept.fr\/wp-content\/uploads\/2025\/05\/vue-cuisine-Fenix-noire-960x300.jpg",960,300,true],"bravada-featured-half":["https:\/\/comiti-concept.fr\/wp-content\/uploads\/2025\/05\/vue-cuisine-Fenix-noire-800x300.jpg",800,300,true],"bravada-featured-third":["https:\/\/comiti-concept.fr\/wp-content\/uploads\/2025\/05\/vue-cuisine-Fenix-noire-512x300.jpg",512,300,true],"bravada-lpbox-1":["https:\/\/comiti-concept.fr\/wp-content\/uploads\/2025\/05\/vue-cuisine-Fenix-noire-1920x933.jpg",1920,933,true],"bravada-lpbox-2":["https:\/\/comiti-concept.fr\/wp-content\/uploads\/2025\/05\/vue-cuisine-Fenix-noire-960x600.jpg",960,600,true],"woocommerce_thumbnail":["https:\/\/comiti-concept.fr\/wp-content\/uploads\/2025\/05\/vue-cuisine-Fenix-noire-300x300.jpg",300,300,true],"woocommerce_single":["https:\/\/comiti-concept.fr\/wp-content\/uploads\/2025\/05\/vue-cuisine-Fenix-noire-600x292.jpg",600,292,true],"woocommerce_gallery_thumbnail":["https:\/\/comiti-concept.fr\/wp-content\/uploads\/2025\/05\/vue-cuisine-Fenix-noire-100x100.jpg",100,100,true]},"rttpg_author":{"display_name":"admin8176","author_link":"https:\/\/comiti-concept.fr\/index.php\/author\/admin8176\/"},"rttpg_comment":0,"rttpg_category":null,"rttpg_excerpt":null,"_links":{"self":[{"href":"https:\/\/comiti-concept.fr\/index.php\/wp-json\/wp\/v2\/pages\/582","targetHints":{"allow":["GET"]}}],"collection":[{"href":"https:\/\/comiti-concept.fr\/index.php\/wp-json\/wp\/v2\/pages"}],"about":[{"href":"https:\/\/comiti-concept.fr\/index.php\/wp-json\/wp\/v2\/types\/page"}],"author":[{"embeddable":true,"href":"https:\/\/comiti-concept.fr\/index.php\/wp-json\/wp\/v2\/users\/1"}],"replies":[{"embeddable":true,"href":"https:\/\/comiti-concept.fr\/index.php\/wp-json\/wp\/v2\/comments?post=582"}],"version-history":[{"count":2,"href":"https:\/\/comiti-concept.fr\/index.php\/wp-json\/wp\/v2\/pages\/582\/revisions"}],"predecessor-version":[{"id":585,"href":"https:\/\/comiti-concept.fr\/index.php\/wp-json\/wp\/v2\/pages\/582\/revisions\/585"}],"wp:featuredmedia":[{"embeddable":true,"href":"https:\/\/comiti-concept.fr\/index.php\/wp-json\/wp\/v2\/media\/843"}],"wp:attachment":[{"href":"https:\/\/comiti-concept.fr\/index.php\/wp-json\/wp\/v2\/media?parent=582"}],"curies":[{"name":"wp","href":"https:\/\/api.w.org\/{rel}","templated":true}]}}