{"id":540,"date":"2025-01-16T16:41:17","date_gmt":"2025-01-16T15:41:17","guid":{"rendered":"https:\/\/comiti-concept.fr\/?page_id=540"},"modified":"2025-02-11T17:30:31","modified_gmt":"2025-02-11T16:30:31","slug":"loffre-partenaires-home-staging-3d","status":"publish","type":"page","link":"https:\/\/comiti-concept.fr\/index.php\/loffre-partenaires-home-staging-3d\/","title":{"rendered":"Home Staging 3D-L&rsquo;abonnement"},"content":{"rendered":"\n<h2 class=\"wp-block-heading has-text-align-center has-accent-2-color has-text-color has-link-color wp-elements-494b56194636c5e2f80cf039eba574c7\" style=\"font-size:47px\"><strong>Pourquoi choisir Comiti Concept comme partenaire&nbsp;?<\/strong><\/h2>\n\n\n\n<div class=\"wp-block-columns is-layout-flex wp-container-core-columns-is-layout-9d6595d7 wp-block-columns-is-layout-flex\">\n<div class=\"wp-block-column is-vertically-aligned-top is-layout-flow wp-block-column-is-layout-flow\">\n<div class=\"wp-block-columns is-layout-flex wp-container-core-columns-is-layout-9d6595d7 wp-block-columns-is-layout-flex\">\n<div class=\"wp-block-column is-layout-flow wp-block-column-is-layout-flow\">\n<p><\/p>\n\n\n<div class=\"wp-block-image is-style-default\">\n<figure class=\"aligncenter size-full is-resized\"><img fetchpriority=\"high\" decoding=\"async\" width=\"512\" height=\"512\" src=\"https:\/\/comiti-concept.fr\/wp-content\/uploads\/2025\/01\/economie.png\" alt=\"\" class=\"wp-image-555\" style=\"width:98px;height:auto\" srcset=\"https:\/\/comiti-concept.fr\/wp-content\/uploads\/2025\/01\/economie.png 512w, https:\/\/comiti-concept.fr\/wp-content\/uploads\/2025\/01\/economie-300x300.png 300w, https:\/\/comiti-concept.fr\/wp-content\/uploads\/2025\/01\/economie-150x150.png 150w, https:\/\/comiti-concept.fr\/wp-content\/uploads\/2025\/01\/economie-100x100.png 100w\" sizes=\"(max-width: 512px) 100vw, 512px\" \/><\/figure><\/div>\n\n\n<p class=\"has-text-align-center has-accent-2-color has-text-color has-link-color wp-elements-61d36a2a7dd4321f7d51c286547cc3ef\"><strong>AIDE AU DEVELOPPEMENT DE VOTRE CHIFFRE D\u2019AFFAIRE&nbsp;<\/strong><\/p>\n\n\n\n<p class=\"has-text-align-center has-accent-2-color has-text-color has-link-color wp-elements-bcf6af0942216ca26380fae072fc0ec4\"> &#8212;<\/p>\n\n\n\n<div class=\"wp-block-group is-vertical is-layout-flex wp-container-core-group-is-layout-8cf370e7 wp-block-group-is-layout-flex\">\n<p>Le Home Staging 3D permet de r\u00e9v\u00e9ler le plein potentiel d\u2019un bien sans engendrer de travaux. Il vous permet de vendre plus vite \u00e0 un prix justifi\u00e9. Vos mandats exclusifs se concr\u00e9tisent plus facilement gr\u00e2ce \u00e0 cette aide \u00e0 la vente qui permettra d\u2019augmenter votre chiffre d\u2019affaire.<\/p>\n<\/div>\n<\/div>\n\n\n\n<div class=\"wp-block-column is-layout-flow wp-block-column-is-layout-flow\">\n<p><\/p>\n\n\n<div class=\"wp-block-image is-style-default\">\n<figure class=\"aligncenter size-full is-resized\"><img decoding=\"async\" width=\"512\" height=\"512\" src=\"https:\/\/comiti-concept.fr\/wp-content\/uploads\/2025\/01\/progres.png\" alt=\"\" class=\"wp-image-556\" style=\"width:95px;height:auto\" srcset=\"https:\/\/comiti-concept.fr\/wp-content\/uploads\/2025\/01\/progres.png 512w, https:\/\/comiti-concept.fr\/wp-content\/uploads\/2025\/01\/progres-300x300.png 300w, https:\/\/comiti-concept.fr\/wp-content\/uploads\/2025\/01\/progres-150x150.png 150w, https:\/\/comiti-concept.fr\/wp-content\/uploads\/2025\/01\/progres-100x100.png 100w\" sizes=\"(max-width: 512px) 100vw, 512px\" \/><\/figure><\/div>\n\n\n<p class=\"has-text-align-center has-accent-2-color has-text-color has-link-color wp-elements-8dd11fa6b966c2f42a248b25acc6cd37\"><strong>ENGENDRER PLUS DE MANDATS EXCLUSIFS<\/strong><\/p>\n\n\n\n<p class=\"has-text-align-center has-accent-2-color has-text-color has-link-color wp-elements-bcf6af0942216ca26380fae072fc0ec4\"> &#8212;<\/p>\n\n\n\n<p>Se diff\u00e9rencier par rapport \u00e0 vos confr\u00e8res en proposants \u00e0 vos clients un service de qualit\u00e9 et personnalis\u00e9, vous facilitera les n\u00e9gociations de vos collaborateurs.<\/p>\n<\/div>\n<\/div>\n<\/div>\n\n\n\n<div class=\"wp-block-column is-vertically-aligned-top is-layout-flow wp-block-column-is-layout-flow\">\n<div class=\"wp-block-columns is-layout-flex wp-container-core-columns-is-layout-9d6595d7 wp-block-columns-is-layout-flex\">\n<div class=\"wp-block-column is-layout-flow wp-block-column-is-layout-flow\">\n<p><\/p>\n\n\n<div class=\"wp-block-image\">\n<figure class=\"aligncenter size-full is-resized\"><img decoding=\"async\" width=\"512\" height=\"512\" src=\"https:\/\/comiti-concept.fr\/wp-content\/uploads\/2025\/01\/compte-a-rebours-1.png\" alt=\"\" class=\"wp-image-577\" style=\"width:133px;height:auto\" srcset=\"https:\/\/comiti-concept.fr\/wp-content\/uploads\/2025\/01\/compte-a-rebours-1.png 512w, https:\/\/comiti-concept.fr\/wp-content\/uploads\/2025\/01\/compte-a-rebours-1-300x300.png 300w, https:\/\/comiti-concept.fr\/wp-content\/uploads\/2025\/01\/compte-a-rebours-1-150x150.png 150w, https:\/\/comiti-concept.fr\/wp-content\/uploads\/2025\/01\/compte-a-rebours-1-100x100.png 100w\" sizes=\"(max-width: 512px) 100vw, 512px\" \/><\/figure><\/div>\n\n\n<p class=\"has-text-align-center has-accent-2-color has-text-color has-link-color wp-elements-5a1dc27c2d4fce5f9473adf9fe103379\"><strong>DELAIS DE VENTE PLUS COURT<\/strong><\/p>\n\n\n\n<p class=\"has-text-align-center has-accent-2-color has-text-color has-link-color wp-elements-06dd2e4be19b99fe2f30b78dedcedee1\">&#8212;<\/p>\n\n\n\n<p>Dynamise la vente de vos biens gr\u00e2ce \u00e0 une prise de d\u00e9cisions plus rapide de la part de vos clients.<\/p>\n<\/div>\n\n\n\n<div class=\"wp-block-column is-layout-flow wp-block-column-is-layout-flow\">\n<p><\/p>\n\n\n<div class=\"wp-block-image is-style-default\">\n<figure class=\"aligncenter size-full is-resized\"><img loading=\"lazy\" decoding=\"async\" width=\"512\" height=\"512\" src=\"https:\/\/comiti-concept.fr\/wp-content\/uploads\/2025\/01\/oeil-humain.png\" alt=\"\" class=\"wp-image-558\" style=\"width:93px;height:auto\" srcset=\"https:\/\/comiti-concept.fr\/wp-content\/uploads\/2025\/01\/oeil-humain.png 512w, https:\/\/comiti-concept.fr\/wp-content\/uploads\/2025\/01\/oeil-humain-300x300.png 300w, https:\/\/comiti-concept.fr\/wp-content\/uploads\/2025\/01\/oeil-humain-150x150.png 150w, https:\/\/comiti-concept.fr\/wp-content\/uploads\/2025\/01\/oeil-humain-100x100.png 100w\" sizes=\"(max-width: 512px) 100vw, 512px\" \/><\/figure><\/div>\n\n\n<p class=\"has-text-align-center has-accent-2-color has-text-color has-link-color wp-elements-4f25d846bedfd6c1146936d22d5faa9d\"><strong>ACCOMPAGNEZ VOS CLIENTS EN LES AIDANT A SE PROJETER<\/strong>  <\/p>\n\n\n\n<p class=\"has-text-align-center has-accent-2-color has-text-color has-link-color wp-elements-06dd2e4be19b99fe2f30b78dedcedee1\">&#8212;<\/p>\n\n\n\n<div class=\"wp-block-group is-vertical is-layout-flex wp-container-core-group-is-layout-8cf370e7 wp-block-group-is-layout-flex\">\n<p>La proposition d\u2019un <a href=\"https:\/\/www.facebook.com\/profile.php?id=61570026827203&amp;sk=photos&amp;locale=fr_FR\">am\u00e9nagement 3D<\/a> r\u00e9aliste et concret permet de d\u00e9clencher un \u00ab&nbsp;coup de c\u0153ur&nbsp;\u00bb plus facilement.<\/p>\n<\/div>\n<\/div>\n<\/div>\n<\/div>\n<\/div>\n\n\n\n<p class=\"has-accent-1-background-color has-background\"><\/p>\n\n\n\n<div class=\"wp-block-group alignfull is-content-justification-center\" style=\"margin-top:0;margin-bottom:0;padding-top:calc( 0.5 * var(--wp--style--root--padding-right, var(--wp--custom--gap--horizontal)));padding-right:var(--wp--style--root--padding-right, var(--wp--custom--gap--horizontal));padding-bottom:calc( 0.5 * var(--wp--style--root--padding-right, var(--wp--custom--gap--horizontal)));padding-left:var(--wp--style--root--padding-left, var(--wp--custom--gap--horizontal))\"><div class=\"wp-block-group__inner-container is-layout-constrained wp-container-core-group-is-layout-b073b61b wp-block-group-is-layout-constrained\">\n<div style=\"height:0px\" aria-hidden=\"true\" class=\"wp-block-spacer\"><\/div>\n\n\n\n<div class=\"wp-block-columns alignwide are-vertically-aligned-center is-layout-flex wp-container-core-columns-is-layout-3da6863c wp-block-columns-is-layout-flex\">\n<div class=\"wp-block-column is-vertically-aligned-center is-layout-flow wp-block-column-is-layout-flow\">\n<figure class=\"wp-block-image size-full has-custom-border is-style-rounded\"><img loading=\"lazy\" decoding=\"async\" width=\"1890\" height=\"1417\" src=\"http:\/\/comiti-concept.fr\/wp-content\/uploads\/2024\/11\/Planche-de-matiere-1.png\" alt=\"\" class=\"wp-image-369\" style=\"border-radius:100em;aspect-ratio:1;object-fit:cover\" srcset=\"https:\/\/comiti-concept.fr\/wp-content\/uploads\/2024\/11\/Planche-de-matiere-1.png 1890w, https:\/\/comiti-concept.fr\/wp-content\/uploads\/2024\/11\/Planche-de-matiere-1-600x450.png 600w, https:\/\/comiti-concept.fr\/wp-content\/uploads\/2024\/11\/Planche-de-matiere-1-300x225.png 300w, https:\/\/comiti-concept.fr\/wp-content\/uploads\/2024\/11\/Planche-de-matiere-1-1024x768.png 1024w, https:\/\/comiti-concept.fr\/wp-content\/uploads\/2024\/11\/Planche-de-matiere-1-768x576.png 768w, https:\/\/comiti-concept.fr\/wp-content\/uploads\/2024\/11\/Planche-de-matiere-1-1536x1152.png 1536w, https:\/\/comiti-concept.fr\/wp-content\/uploads\/2024\/11\/Planche-de-matiere-1-400x300.png 400w\" sizes=\"(max-width: 1890px) 100vw, 1890px\" \/><\/figure>\n<\/div>\n\n\n\n<div class=\"wp-block-column is-vertically-aligned-center is-layout-flow wp-block-column-is-layout-flow\">\n<h2 class=\"wp-block-heading alignwide\">Offre Abonnement -Home Staging 3D :<\/h2>\n\n\n\n<p>Les vues sont r\u00e9alis\u00e9es \u00e0 partir de photos du bien sous mandat.<\/p>\n\n\n\n<p>Cette offres est valable pour 8 pi\u00e8ces. Je vous propose 2 ambiances d\u00e9co et 2 propositions d&rsquo;am\u00e9nagement.<\/p>\n\n\n\n<p>Un plan \u00e0 l\u2019\u00e9chelle de l\u2019am\u00e9nagement vous sera remis \u00e9galement sous r\u00e9serves d\u2019avoir re\u00e7u, de votre part, un plan de la pi\u00e8ce.<\/p>\n\n\n\n<p>Je vous communiquerai un lien pour une visite virtuelle de 360\u00b0 pour que vos clients puissent se projeter encore plus.<\/p>\n\n\n\n<p><\/p>\n\n\n\n<h1 class=\"wp-block-heading\" style=\"font-size:23px\">+399 \u20ac par mois<\/h1>\n\n\n\n<p>au lieu de <s>499 \u20ac<\/s><\/p>\n\n\n\n<div class=\"wp-block-buttons is-layout-flex wp-block-buttons-is-layout-flex\">\n<div class=\"wp-block-button\"><a class=\"wp-block-button__link wp-element-button\" href=\"https:\/\/comiti-concept.fr\/index.php\/devis-contact\/\">Contactez-moi !<\/a><\/div>\n<\/div>\n\n\n\n<div class=\"wp-block-buttons is-layout-flex wp-block-buttons-is-layout-flex\">\n<div class=\"wp-block-button\"><a class=\"wp-block-button__link wp-element-button\" href=\"https:\/\/comiti-concept.fr\/index.php\/aide-a-la-vente-dans-limmobilier\/\">voir les autres offres<\/a><\/div>\n<\/div>\n<\/div>\n<\/div>\n\n\n\n<div style=\"height:calc( 0.25 * var(--wp--style--root--padding-right, var(--wp--custom--gap--horizontal)))\" aria-hidden=\"true\" class=\"wp-block-spacer\"><\/div>\n<\/div><\/div>\n\n\n\n<p><\/p>\n\n\n\n<p class=\"has-accent-2-background-color has-background\"><\/p>\n\n\n\n<div class=\"wp-block-columns is-layout-flex wp-container-core-columns-is-layout-9d6595d7 wp-block-columns-is-layout-flex\">\n<div class=\"wp-block-column is-layout-flow wp-block-column-is-layout-flow\">\n<ul class=\"wp-block-list\">\n<li class=\"has-accent-2-color has-text-color has-link-color wp-elements-e8f2ed9eaee9fa3adc739f756334f081\" style=\"font-size:23px\"><strong>OPTION 1 &#8211; Proposition de d\u00e9coration suppl\u00e9mentaire : <\/strong><\/li>\n<\/ul>\n\n\n\n<p class=\"has-text-align-center\">Je vous proposerai une alternative esth\u00e9tique tout en conservant le m\u00eame agencement.<\/p>\n\n\n\n<p class=\"has-text-align-center\" style=\"font-size:23px\"><strong>+ 49 \u20ac<\/strong><\/p>\n\n\n\n<div class=\"wp-block-buttons is-content-justification-center is-layout-flex wp-container-core-buttons-is-layout-16018d1d wp-block-buttons-is-layout-flex\">\n<div class=\"wp-block-button is-style-fill\"><a class=\"wp-block-button__link has-text-align-center wp-element-button\">En savoir plus&#8230;<\/a><\/div>\n<\/div>\n<\/div>\n\n\n\n<div class=\"wp-block-column is-layout-flow wp-block-column-is-layout-flow\">\n<ul class=\"wp-block-list\">\n<li class=\"has-accent-2-color has-text-color has-link-color wp-elements-54cf60faa226eaf40ade54161d6029ae\" style=\"font-size:23px\"><strong>OPTION 2 &#8211; Projet de nuit : <\/strong><\/li>\n<\/ul>\n\n\n\n<p class=\"has-text-align-center\">L\u2019\u00e9clairage de nuit donne une autre ambiance \u00e0 votre pi\u00e8ce.<br>Selon le temps pass\u00e9 dans cette pi\u00e8ce il peut \u00eatre int\u00e9ressant de s\u2019y int\u00e9resser.<\/p>\n\n\n\n<p class=\"has-text-align-center\" style=\"font-size:23px\"><strong>+ 19 \u20ac \/ pi\u00e8ce<\/strong><\/p>\n\n\n\n<div class=\"wp-block-buttons alignwide is-content-justification-center is-layout-flex wp-container-core-buttons-is-layout-16018d1d wp-block-buttons-is-layout-flex\">\n<div class=\"wp-block-button is-style-fill\"><a class=\"wp-block-button__link has-text-align-center wp-element-button\">En savoir plus&#8230;<\/a><\/div>\n<\/div>\n<\/div>\n\n\n\n<div class=\"wp-block-column is-layout-flow wp-block-column-is-layout-flow\">\n<ul class=\"wp-block-list\">\n<li class=\"has-accent-2-color has-text-color has-link-color wp-elements-ece5125e95863241a2b9013850d9b389\" style=\"font-size:23px\"><strong>AUTRES OPTIONS :<\/strong><\/li>\n<\/ul>\n\n\n\n<p>Toute autre demande est sur devis.<\/p>\n\n\n\n<p><\/p>\n\n\n\n<p class=\"has-sitebg-color has-text-color has-link-color wp-elements-e4313e9479c96a5684599df41ab3aba6\" style=\"font-size:23px\"><strong>+ 19 \u20ac \/ pi\u00e8ce<\/strong><\/p>\n\n\n\n<div class=\"wp-block-buttons is-layout-flex wp-block-buttons-is-layout-flex\">\n<div class=\"wp-block-button\"><a class=\"wp-block-button__link wp-element-button\" href=\"https:\/\/comiti-concept.fr\/index.php\/devis-contact\/\">Demander un devis<\/a><\/div>\n<\/div>\n<\/div>\n<\/div>\n\n\n\n<p><\/p>\n","protected":false},"excerpt":{"rendered":"<p>Pourquoi choisir Comiti Concept comme partenaire&nbsp;? AIDE AU DEVELOPPEMENT DE VOTRE CHIFFRE D\u2019AFFAIRE&nbsp; &#8212; Le Home Staging 3D permet de r\u00e9v\u00e9ler le plein potentiel d\u2019un &hellip;<\/p>\n","protected":false},"author":1,"featured_media":0,"parent":0,"menu_order":0,"comment_status":"closed","ping_status":"closed","template":"","meta":{"footnotes":""},"class_list":["post-540","page","type-page","status-publish","hentry"],"yoast_head":"<!-- This site is optimized with the Yoast SEO plugin v25.1 - https:\/\/yoast.com\/wordpress\/plugins\/seo\/ -->\n<title>Home Staging 3D-L&#039;abonnement -<\/title>\n<meta name=\"description\" content=\"L&#039;offre partenaire- Home Staging 3D- ou comment valoriser un bien sans faire de travaux pour la mise en vente. Comiti Concept\" \/>\n<meta name=\"robots\" content=\"index, follow, max-snippet:-1, max-image-preview:large, max-video-preview:-1\" \/>\n<link rel=\"canonical\" href=\"https:\/\/comiti-concept.fr\/index.php\/loffre-partenaires-home-staging-3d\/\" \/>\n<meta property=\"og:locale\" content=\"fr_FR\" \/>\n<meta property=\"og:type\" content=\"article\" \/>\n<meta property=\"og:title\" content=\"Home Staging 3D-L&#039;abonnement -\" \/>\n<meta property=\"og:description\" content=\"L&#039;offre partenaire- Home Staging 3D- ou comment valoriser un bien sans faire de travaux pour la mise en vente. Comiti Concept\" \/>\n<meta property=\"og:url\" content=\"https:\/\/comiti-concept.fr\/index.php\/loffre-partenaires-home-staging-3d\/\" \/>\n<meta property=\"article:modified_time\" content=\"2025-02-11T16:30:31+00:00\" \/>\n<meta property=\"og:image\" content=\"https:\/\/comiti-concept.fr\/wp-content\/uploads\/2025\/01\/economie.png\" \/>\n\t<meta property=\"og:image:width\" content=\"512\" \/>\n\t<meta property=\"og:image:height\" content=\"512\" \/>\n\t<meta property=\"og:image:type\" content=\"image\/png\" \/>\n<meta name=\"twitter:card\" content=\"summary_large_image\" \/>\n<meta name=\"twitter:label1\" content=\"Dur\u00e9e de lecture estim\u00e9e\" \/>\n\t<meta name=\"twitter:data1\" content=\"3 minutes\" \/>\n<script type=\"application\/ld+json\" class=\"yoast-schema-graph\">{\"@context\":\"https:\/\/schema.org\",\"@graph\":[{\"@type\":\"WebPage\",\"@id\":\"https:\/\/comiti-concept.fr\/index.php\/loffre-partenaires-home-staging-3d\/\",\"url\":\"https:\/\/comiti-concept.fr\/index.php\/loffre-partenaires-home-staging-3d\/\",\"name\":\"Home Staging 3D-L'abonnement -\",\"isPartOf\":{\"@id\":\"https:\/\/comiti-concept.fr\/#website\"},\"primaryImageOfPage\":{\"@id\":\"https:\/\/comiti-concept.fr\/index.php\/loffre-partenaires-home-staging-3d\/#primaryimage\"},\"image\":{\"@id\":\"https:\/\/comiti-concept.fr\/index.php\/loffre-partenaires-home-staging-3d\/#primaryimage\"},\"thumbnailUrl\":\"https:\/\/comiti-concept.fr\/wp-content\/uploads\/2025\/01\/economie.png\",\"datePublished\":\"2025-01-16T15:41:17+00:00\",\"dateModified\":\"2025-02-11T16:30:31+00:00\",\"description\":\"L'offre partenaire- Home Staging 3D- ou comment valoriser un bien sans faire de travaux pour la mise en vente. Comiti Concept\",\"breadcrumb\":{\"@id\":\"https:\/\/comiti-concept.fr\/index.php\/loffre-partenaires-home-staging-3d\/#breadcrumb\"},\"inLanguage\":\"fr-FR\",\"potentialAction\":[{\"@type\":\"ReadAction\",\"target\":[\"https:\/\/comiti-concept.fr\/index.php\/loffre-partenaires-home-staging-3d\/\"]}]},{\"@type\":\"ImageObject\",\"inLanguage\":\"fr-FR\",\"@id\":\"https:\/\/comiti-concept.fr\/index.php\/loffre-partenaires-home-staging-3d\/#primaryimage\",\"url\":\"https:\/\/comiti-concept.fr\/wp-content\/uploads\/2025\/01\/economie.png\",\"contentUrl\":\"https:\/\/comiti-concept.fr\/wp-content\/uploads\/2025\/01\/economie.png\",\"width\":512,\"height\":512},{\"@type\":\"BreadcrumbList\",\"@id\":\"https:\/\/comiti-concept.fr\/index.php\/loffre-partenaires-home-staging-3d\/#breadcrumb\",\"itemListElement\":[{\"@type\":\"ListItem\",\"position\":1,\"name\":\"Accueil\",\"item\":\"https:\/\/comiti-concept.fr\/\"},{\"@type\":\"ListItem\",\"position\":2,\"name\":\"Home Staging 3D-L&rsquo;abonnement\"}]},{\"@type\":\"WebSite\",\"@id\":\"https:\/\/comiti-concept.fr\/#website\",\"url\":\"https:\/\/comiti-concept.fr\/\",\"name\":\"\",\"description\":\"Conseils en agencement de cuisines et d\u00e9co d&#039;int\u00e9rieur\",\"potentialAction\":[{\"@type\":\"SearchAction\",\"target\":{\"@type\":\"EntryPoint\",\"urlTemplate\":\"https:\/\/comiti-concept.fr\/?s={search_term_string}\"},\"query-input\":{\"@type\":\"PropertyValueSpecification\",\"valueRequired\":true,\"valueName\":\"search_term_string\"}}],\"inLanguage\":\"fr-FR\"}]}<\/script>\n<!-- \/ Yoast SEO plugin. -->","yoast_head_json":{"title":"Home Staging 3D-L'abonnement -","description":"L'offre partenaire- Home Staging 3D- ou comment valoriser un bien sans faire de travaux pour la mise en vente. Comiti Concept","robots":{"index":"index","follow":"follow","max-snippet":"max-snippet:-1","max-image-preview":"max-image-preview:large","max-video-preview":"max-video-preview:-1"},"canonical":"https:\/\/comiti-concept.fr\/index.php\/loffre-partenaires-home-staging-3d\/","og_locale":"fr_FR","og_type":"article","og_title":"Home Staging 3D-L'abonnement -","og_description":"L'offre partenaire- Home Staging 3D- ou comment valoriser un bien sans faire de travaux pour la mise en vente. Comiti Concept","og_url":"https:\/\/comiti-concept.fr\/index.php\/loffre-partenaires-home-staging-3d\/","article_modified_time":"2025-02-11T16:30:31+00:00","og_image":[{"width":512,"height":512,"url":"https:\/\/comiti-concept.fr\/wp-content\/uploads\/2025\/01\/economie.png","type":"image\/png"}],"twitter_card":"summary_large_image","twitter_misc":{"Dur\u00e9e de lecture estim\u00e9e":"3 minutes"},"schema":{"@context":"https:\/\/schema.org","@graph":[{"@type":"WebPage","@id":"https:\/\/comiti-concept.fr\/index.php\/loffre-partenaires-home-staging-3d\/","url":"https:\/\/comiti-concept.fr\/index.php\/loffre-partenaires-home-staging-3d\/","name":"Home Staging 3D-L'abonnement -","isPartOf":{"@id":"https:\/\/comiti-concept.fr\/#website"},"primaryImageOfPage":{"@id":"https:\/\/comiti-concept.fr\/index.php\/loffre-partenaires-home-staging-3d\/#primaryimage"},"image":{"@id":"https:\/\/comiti-concept.fr\/index.php\/loffre-partenaires-home-staging-3d\/#primaryimage"},"thumbnailUrl":"https:\/\/comiti-concept.fr\/wp-content\/uploads\/2025\/01\/economie.png","datePublished":"2025-01-16T15:41:17+00:00","dateModified":"2025-02-11T16:30:31+00:00","description":"L'offre partenaire- Home Staging 3D- ou comment valoriser un bien sans faire de travaux pour la mise en vente. Comiti Concept","breadcrumb":{"@id":"https:\/\/comiti-concept.fr\/index.php\/loffre-partenaires-home-staging-3d\/#breadcrumb"},"inLanguage":"fr-FR","potentialAction":[{"@type":"ReadAction","target":["https:\/\/comiti-concept.fr\/index.php\/loffre-partenaires-home-staging-3d\/"]}]},{"@type":"ImageObject","inLanguage":"fr-FR","@id":"https:\/\/comiti-concept.fr\/index.php\/loffre-partenaires-home-staging-3d\/#primaryimage","url":"https:\/\/comiti-concept.fr\/wp-content\/uploads\/2025\/01\/economie.png","contentUrl":"https:\/\/comiti-concept.fr\/wp-content\/uploads\/2025\/01\/economie.png","width":512,"height":512},{"@type":"BreadcrumbList","@id":"https:\/\/comiti-concept.fr\/index.php\/loffre-partenaires-home-staging-3d\/#breadcrumb","itemListElement":[{"@type":"ListItem","position":1,"name":"Accueil","item":"https:\/\/comiti-concept.fr\/"},{"@type":"ListItem","position":2,"name":"Home Staging 3D-L&rsquo;abonnement"}]},{"@type":"WebSite","@id":"https:\/\/comiti-concept.fr\/#website","url":"https:\/\/comiti-concept.fr\/","name":"","description":"Conseils en agencement de cuisines et d\u00e9co d&#039;int\u00e9rieur","potentialAction":[{"@type":"SearchAction","target":{"@type":"EntryPoint","urlTemplate":"https:\/\/comiti-concept.fr\/?s={search_term_string}"},"query-input":{"@type":"PropertyValueSpecification","valueRequired":true,"valueName":"search_term_string"}}],"inLanguage":"fr-FR"}]}},"rttpg_featured_image_url":null,"rttpg_author":{"display_name":"admin8176","author_link":"https:\/\/comiti-concept.fr\/index.php\/author\/admin8176\/"},"rttpg_comment":0,"rttpg_category":null,"rttpg_excerpt":"Pourquoi choisir Comiti Concept comme partenaire&nbsp;? AIDE AU DEVELOPPEMENT DE VOTRE CHIFFRE D\u2019AFFAIRE&nbsp; &#8212; Le Home Staging 3D permet de r\u00e9v\u00e9ler le plein potentiel d\u2019un &hellip;","_links":{"self":[{"href":"https:\/\/comiti-concept.fr\/index.php\/wp-json\/wp\/v2\/pages\/540","targetHints":{"allow":["GET"]}}],"collection":[{"href":"https:\/\/comiti-concept.fr\/index.php\/wp-json\/wp\/v2\/pages"}],"about":[{"href":"https:\/\/comiti-concept.fr\/index.php\/wp-json\/wp\/v2\/types\/page"}],"author":[{"embeddable":true,"href":"https:\/\/comiti-concept.fr\/index.php\/wp-json\/wp\/v2\/users\/1"}],"replies":[{"embeddable":true,"href":"https:\/\/comiti-concept.fr\/index.php\/wp-json\/wp\/v2\/comments?post=540"}],"version-history":[{"count":36,"href":"https:\/\/comiti-concept.fr\/index.php\/wp-json\/wp\/v2\/pages\/540\/revisions"}],"predecessor-version":[{"id":748,"href":"https:\/\/comiti-concept.fr\/index.php\/wp-json\/wp\/v2\/pages\/540\/revisions\/748"}],"wp:attachment":[{"href":"https:\/\/comiti-concept.fr\/index.php\/wp-json\/wp\/v2\/media?parent=540"}],"curies":[{"name":"wp","href":"https:\/\/api.w.org\/{rel}","templated":true}]}}