{"id":528,"date":"2025-01-16T16:26:55","date_gmt":"2025-01-16T15:26:55","guid":{"rendered":"https:\/\/comiti-concept.fr\/?page_id=528"},"modified":"2025-01-16T17:06:08","modified_gmt":"2025-01-16T16:06:08","slug":"loffre-confoert","status":"publish","type":"page","link":"https:\/\/comiti-concept.fr\/index.php\/loffre-confoert\/","title":{"rendered":"L&rsquo;OFFRE CONFORT"},"content":{"rendered":"\n<div class=\"wp-block-group alignfull is-content-justification-center\" style=\"margin-top:0;margin-bottom:0;padding-top:calc( 0.5 * var(--wp--style--root--padding-right, var(--wp--custom--gap--horizontal)));padding-right:var(--wp--style--root--padding-right, var(--wp--custom--gap--horizontal));padding-bottom:calc( 0.5 * var(--wp--style--root--padding-right, var(--wp--custom--gap--horizontal)));padding-left:var(--wp--style--root--padding-left, var(--wp--custom--gap--horizontal))\"><div class=\"wp-block-group__inner-container is-layout-constrained wp-container-core-group-is-layout-b073b61b wp-block-group-is-layout-constrained\">\n<div style=\"height:calc( 0.25 * var(--wp--style--root--padding-right, var(--wp--custom--gap--horizontal)))\" aria-hidden=\"true\" class=\"wp-block-spacer\"><\/div>\n\n\n\n<div class=\"wp-block-columns alignwide are-vertically-aligned-center is-layout-flex wp-container-core-columns-is-layout-3da6863c wp-block-columns-is-layout-flex\">\n<div class=\"wp-block-column is-vertically-aligned-center is-layout-flow wp-block-column-is-layout-flow\">\n<figure class=\"wp-block-image size-full has-custom-border\"><img fetchpriority=\"high\" decoding=\"async\" width=\"2560\" height=\"1708\" src=\"http:\/\/comiti-concept.fr\/wp-content\/uploads\/2025\/01\/side-view-employee-working-project-scaled.jpg\" alt=\"\" class=\"wp-image-505\" style=\"border-radius:100em;aspect-ratio:1;object-fit:cover\" srcset=\"https:\/\/comiti-concept.fr\/wp-content\/uploads\/2025\/01\/side-view-employee-working-project-scaled.jpg 2560w, https:\/\/comiti-concept.fr\/wp-content\/uploads\/2025\/01\/side-view-employee-working-project-300x200.jpg 300w, https:\/\/comiti-concept.fr\/wp-content\/uploads\/2025\/01\/side-view-employee-working-project-1024x683.jpg 1024w, https:\/\/comiti-concept.fr\/wp-content\/uploads\/2025\/01\/side-view-employee-working-project-768x512.jpg 768w, https:\/\/comiti-concept.fr\/wp-content\/uploads\/2025\/01\/side-view-employee-working-project-1536x1025.jpg 1536w\" sizes=\"(max-width: 2560px) 100vw, 2560px\" \/><\/figure>\n<\/div>\n\n\n\n<div class=\"wp-block-column is-vertically-aligned-center is-layout-flow wp-block-column-is-layout-flow\">\n<h2 class=\"wp-block-heading alignwide\">Offre CONFORT :<\/h2>\n\n\n\n<p>L\u2019\u00e9tude est pr\u00e9vue \u00e0 partir d\u2019une photo ou d\u2019un plan pour une seule pi\u00e8ce.<\/p>\n\n\n\n<p> Apr\u00e8s r\u00e9ception du cahier des charges, je pourrais commencer votre projet et vous recevrez par mail deux photos de propositions d\u00e9co diff\u00e9rentes en haute r\u00e9solution de la pi\u00e8ce. L\u2019agencement reste le m\u00eame. <\/p>\n\n\n\n<p>Un plan \u00e0 l\u2019\u00e9chelle de l\u2019am\u00e9nagement vous sera remis \u00e9galement sous r\u00e9serve d\u2019avoir re\u00e7u, de votre part, un plan de la pi\u00e8ce.<\/p>\n\n\n\n<p><\/p>\n\n\n\n<h2 class=\"wp-block-heading\" style=\"font-size:23px\">+199 \u20ac \/ pi\u00e8ce<\/h2>\n\n\n\n<p><\/p>\n\n\n\n<div class=\"wp-block-buttons is-layout-flex wp-block-buttons-is-layout-flex\">\n<div class=\"wp-block-button\"><a class=\"wp-block-button__link wp-element-button\" href=\"https:\/\/comiti-concept.fr\/index.php\/home-staging-3d\/\">voir les autres offres<\/a><\/div>\n<\/div>\n<\/div>\n<\/div>\n\n\n\n<div style=\"height:calc( 0.25 * var(--wp--style--root--padding-right, var(--wp--custom--gap--horizontal)))\" aria-hidden=\"true\" class=\"wp-block-spacer\"><\/div>\n<\/div><\/div>\n\n\n\n<p class=\"has-accent-2-background-color has-background\"><\/p>\n\n\n\n<div class=\"wp-block-columns is-layout-flex wp-container-core-columns-is-layout-9d6595d7 wp-block-columns-is-layout-flex\">\n<div class=\"wp-block-column is-layout-flow wp-block-column-is-layout-flow\">\n<ul class=\"wp-block-list\">\n<li class=\"has-accent-2-color has-text-color has-link-color wp-elements-e8f2ed9eaee9fa3adc739f756334f081\" style=\"font-size:23px\"><strong>OPTION 1 &#8211; Proposition de d\u00e9coration suppl\u00e9mentaire : <\/strong><\/li>\n<\/ul>\n\n\n\n<p class=\"has-text-align-center\">Je vous proposerai une alternative esth\u00e9tique tout en conservant le m\u00eame agencement.<\/p>\n\n\n\n<p class=\"has-text-align-center\" style=\"font-size:23px\"><strong>+ 49 \u20ac<\/strong><\/p>\n\n\n\n<div class=\"wp-block-buttons is-content-justification-center is-layout-flex wp-container-core-buttons-is-layout-16018d1d wp-block-buttons-is-layout-flex\">\n<div class=\"wp-block-button is-style-fill\"><a class=\"wp-block-button__link has-text-align-center wp-element-button\">En savoir plus&#8230;<\/a><\/div>\n<\/div>\n<\/div>\n\n\n\n<div class=\"wp-block-column is-layout-flow wp-block-column-is-layout-flow\">\n<ul class=\"wp-block-list\">\n<li class=\"has-accent-2-color has-text-color has-link-color wp-elements-54cf60faa226eaf40ade54161d6029ae\" style=\"font-size:23px\"><strong>OPTION 2 &#8211; Projet de nuit : <\/strong><\/li>\n<\/ul>\n\n\n\n<p class=\"has-text-align-center\">L\u2019\u00e9clairage de nuit donne une autre ambiance \u00e0 votre pi\u00e8ce.<br>Selon le temps pass\u00e9 dans cette pi\u00e8ce il peut \u00eatre int\u00e9ressant de s\u2019y int\u00e9resser.<\/p>\n\n\n\n<p class=\"has-text-align-center\" style=\"font-size:23px\"><strong>+ 19 \u20ac \/ pi\u00e8ce<\/strong><\/p>\n\n\n\n<div class=\"wp-block-buttons alignwide is-content-justification-center is-layout-flex wp-container-core-buttons-is-layout-16018d1d wp-block-buttons-is-layout-flex\">\n<div class=\"wp-block-button is-style-fill\"><a class=\"wp-block-button__link has-text-align-center wp-element-button\">En savoir plus&#8230;<\/a><\/div>\n<\/div>\n<\/div>\n\n\n\n<div class=\"wp-block-column is-layout-flow wp-block-column-is-layout-flow\">\n<ul class=\"wp-block-list\">\n<li class=\"has-accent-2-color has-text-color has-link-color wp-elements-ece5125e95863241a2b9013850d9b389\" style=\"font-size:23px\"><strong>AUTRES OPTIONS :<\/strong><\/li>\n<\/ul>\n\n\n\n<p>Toute autre demande est sur devis.<\/p>\n\n\n\n<p><\/p>\n\n\n\n<p class=\"has-sitebg-color has-text-color has-link-color wp-elements-e4313e9479c96a5684599df41ab3aba6\" style=\"font-size:23px\"><strong>+ 19 \u20ac \/ pi\u00e8ce<\/strong><\/p>\n\n\n\n<div class=\"wp-block-buttons is-layout-flex wp-block-buttons-is-layout-flex\">\n<div class=\"wp-block-button\"><a class=\"wp-block-button__link wp-element-button\" href=\"https:\/\/comiti-concept.fr\/index.php\/devis-contact\/\">Demander un devis<\/a><\/div>\n<\/div>\n<\/div>\n<\/div>\n\n\n\n<p><\/p>\n","protected":false},"excerpt":{"rendered":"<p>Offre CONFORT : L\u2019\u00e9tude est pr\u00e9vue \u00e0 partir d\u2019une photo ou d\u2019un plan pour une seule pi\u00e8ce. Apr\u00e8s r\u00e9ception du cahier des charges, je pourrais &hellip;<\/p>\n","protected":false},"author":1,"featured_media":0,"parent":0,"menu_order":0,"comment_status":"closed","ping_status":"closed","template":"","meta":{"footnotes":""},"class_list":["post-528","page","type-page","status-publish","hentry"],"yoast_head":"<!-- This site is optimized with the Yoast SEO plugin v25.1 - https:\/\/yoast.com\/wordpress\/plugins\/seo\/ -->\n<title>L&#039;OFFRE CONFORT -<\/title>\n<meta name=\"robots\" content=\"index, follow, max-snippet:-1, max-image-preview:large, max-video-preview:-1\" \/>\n<link rel=\"canonical\" href=\"https:\/\/comiti-concept.fr\/index.php\/loffre-confoert\/\" \/>\n<meta property=\"og:locale\" content=\"fr_FR\" \/>\n<meta property=\"og:type\" content=\"article\" \/>\n<meta property=\"og:title\" content=\"L&#039;OFFRE CONFORT -\" \/>\n<meta property=\"og:description\" content=\"Offre CONFORT : L\u2019\u00e9tude est pr\u00e9vue \u00e0 partir d\u2019une photo ou d\u2019un plan pour une seule pi\u00e8ce. Apr\u00e8s r\u00e9ception du cahier des charges, je pourrais &hellip;\" \/>\n<meta property=\"og:url\" content=\"https:\/\/comiti-concept.fr\/index.php\/loffre-confoert\/\" \/>\n<meta property=\"article:modified_time\" content=\"2025-01-16T16:06:08+00:00\" \/>\n<meta property=\"og:image\" content=\"https:\/\/comiti-concept.fr\/wp-content\/uploads\/2025\/01\/side-view-employee-working-project-scaled.jpg\" \/>\n\t<meta property=\"og:image:width\" content=\"2560\" \/>\n\t<meta property=\"og:image:height\" content=\"1708\" \/>\n\t<meta property=\"og:image:type\" content=\"image\/jpeg\" \/>\n<meta name=\"twitter:card\" content=\"summary_large_image\" \/>\n<meta name=\"twitter:label1\" content=\"Dur\u00e9e de lecture estim\u00e9e\" \/>\n\t<meta name=\"twitter:data1\" content=\"1 minute\" \/>\n<script type=\"application\/ld+json\" class=\"yoast-schema-graph\">{\"@context\":\"https:\/\/schema.org\",\"@graph\":[{\"@type\":\"WebPage\",\"@id\":\"https:\/\/comiti-concept.fr\/index.php\/loffre-confoert\/\",\"url\":\"https:\/\/comiti-concept.fr\/index.php\/loffre-confoert\/\",\"name\":\"L'OFFRE CONFORT -\",\"isPartOf\":{\"@id\":\"https:\/\/comiti-concept.fr\/#website\"},\"primaryImageOfPage\":{\"@id\":\"https:\/\/comiti-concept.fr\/index.php\/loffre-confoert\/#primaryimage\"},\"image\":{\"@id\":\"https:\/\/comiti-concept.fr\/index.php\/loffre-confoert\/#primaryimage\"},\"thumbnailUrl\":\"http:\/\/comiti-concept.fr\/wp-content\/uploads\/2025\/01\/side-view-employee-working-project-scaled.jpg\",\"datePublished\":\"2025-01-16T15:26:55+00:00\",\"dateModified\":\"2025-01-16T16:06:08+00:00\",\"breadcrumb\":{\"@id\":\"https:\/\/comiti-concept.fr\/index.php\/loffre-confoert\/#breadcrumb\"},\"inLanguage\":\"fr-FR\",\"potentialAction\":[{\"@type\":\"ReadAction\",\"target\":[\"https:\/\/comiti-concept.fr\/index.php\/loffre-confoert\/\"]}]},{\"@type\":\"ImageObject\",\"inLanguage\":\"fr-FR\",\"@id\":\"https:\/\/comiti-concept.fr\/index.php\/loffre-confoert\/#primaryimage\",\"url\":\"https:\/\/comiti-concept.fr\/wp-content\/uploads\/2025\/01\/side-view-employee-working-project-scaled.jpg\",\"contentUrl\":\"https:\/\/comiti-concept.fr\/wp-content\/uploads\/2025\/01\/side-view-employee-working-project-scaled.jpg\",\"width\":2560,\"height\":1708},{\"@type\":\"BreadcrumbList\",\"@id\":\"https:\/\/comiti-concept.fr\/index.php\/loffre-confoert\/#breadcrumb\",\"itemListElement\":[{\"@type\":\"ListItem\",\"position\":1,\"name\":\"Accueil\",\"item\":\"https:\/\/comiti-concept.fr\/\"},{\"@type\":\"ListItem\",\"position\":2,\"name\":\"L&rsquo;OFFRE CONFORT\"}]},{\"@type\":\"WebSite\",\"@id\":\"https:\/\/comiti-concept.fr\/#website\",\"url\":\"https:\/\/comiti-concept.fr\/\",\"name\":\"\",\"description\":\"Conseils en agencement de cuisines et d\u00e9co d&#039;int\u00e9rieur\",\"potentialAction\":[{\"@type\":\"SearchAction\",\"target\":{\"@type\":\"EntryPoint\",\"urlTemplate\":\"https:\/\/comiti-concept.fr\/?s={search_term_string}\"},\"query-input\":{\"@type\":\"PropertyValueSpecification\",\"valueRequired\":true,\"valueName\":\"search_term_string\"}}],\"inLanguage\":\"fr-FR\"}]}<\/script>\n<!-- \/ Yoast SEO plugin. -->","yoast_head_json":{"title":"L'OFFRE CONFORT -","robots":{"index":"index","follow":"follow","max-snippet":"max-snippet:-1","max-image-preview":"max-image-preview:large","max-video-preview":"max-video-preview:-1"},"canonical":"https:\/\/comiti-concept.fr\/index.php\/loffre-confoert\/","og_locale":"fr_FR","og_type":"article","og_title":"L'OFFRE CONFORT -","og_description":"Offre CONFORT : L\u2019\u00e9tude est pr\u00e9vue \u00e0 partir d\u2019une photo ou d\u2019un plan pour une seule pi\u00e8ce. Apr\u00e8s r\u00e9ception du cahier des charges, je pourrais &hellip;","og_url":"https:\/\/comiti-concept.fr\/index.php\/loffre-confoert\/","article_modified_time":"2025-01-16T16:06:08+00:00","og_image":[{"width":2560,"height":1708,"url":"https:\/\/comiti-concept.fr\/wp-content\/uploads\/2025\/01\/side-view-employee-working-project-scaled.jpg","type":"image\/jpeg"}],"twitter_card":"summary_large_image","twitter_misc":{"Dur\u00e9e de lecture estim\u00e9e":"1 minute"},"schema":{"@context":"https:\/\/schema.org","@graph":[{"@type":"WebPage","@id":"https:\/\/comiti-concept.fr\/index.php\/loffre-confoert\/","url":"https:\/\/comiti-concept.fr\/index.php\/loffre-confoert\/","name":"L'OFFRE CONFORT -","isPartOf":{"@id":"https:\/\/comiti-concept.fr\/#website"},"primaryImageOfPage":{"@id":"https:\/\/comiti-concept.fr\/index.php\/loffre-confoert\/#primaryimage"},"image":{"@id":"https:\/\/comiti-concept.fr\/index.php\/loffre-confoert\/#primaryimage"},"thumbnailUrl":"http:\/\/comiti-concept.fr\/wp-content\/uploads\/2025\/01\/side-view-employee-working-project-scaled.jpg","datePublished":"2025-01-16T15:26:55+00:00","dateModified":"2025-01-16T16:06:08+00:00","breadcrumb":{"@id":"https:\/\/comiti-concept.fr\/index.php\/loffre-confoert\/#breadcrumb"},"inLanguage":"fr-FR","potentialAction":[{"@type":"ReadAction","target":["https:\/\/comiti-concept.fr\/index.php\/loffre-confoert\/"]}]},{"@type":"ImageObject","inLanguage":"fr-FR","@id":"https:\/\/comiti-concept.fr\/index.php\/loffre-confoert\/#primaryimage","url":"https:\/\/comiti-concept.fr\/wp-content\/uploads\/2025\/01\/side-view-employee-working-project-scaled.jpg","contentUrl":"https:\/\/comiti-concept.fr\/wp-content\/uploads\/2025\/01\/side-view-employee-working-project-scaled.jpg","width":2560,"height":1708},{"@type":"BreadcrumbList","@id":"https:\/\/comiti-concept.fr\/index.php\/loffre-confoert\/#breadcrumb","itemListElement":[{"@type":"ListItem","position":1,"name":"Accueil","item":"https:\/\/comiti-concept.fr\/"},{"@type":"ListItem","position":2,"name":"L&rsquo;OFFRE CONFORT"}]},{"@type":"WebSite","@id":"https:\/\/comiti-concept.fr\/#website","url":"https:\/\/comiti-concept.fr\/","name":"","description":"Conseils en agencement de cuisines et d\u00e9co d&#039;int\u00e9rieur","potentialAction":[{"@type":"SearchAction","target":{"@type":"EntryPoint","urlTemplate":"https:\/\/comiti-concept.fr\/?s={search_term_string}"},"query-input":{"@type":"PropertyValueSpecification","valueRequired":true,"valueName":"search_term_string"}}],"inLanguage":"fr-FR"}]}},"rttpg_featured_image_url":null,"rttpg_author":{"display_name":"admin8176","author_link":"https:\/\/comiti-concept.fr\/index.php\/author\/admin8176\/"},"rttpg_comment":0,"rttpg_category":null,"rttpg_excerpt":"Offre CONFORT : L\u2019\u00e9tude est pr\u00e9vue \u00e0 partir d\u2019une photo ou d\u2019un plan pour une seule pi\u00e8ce. Apr\u00e8s r\u00e9ception du cahier des charges, je pourrais &hellip;","_links":{"self":[{"href":"https:\/\/comiti-concept.fr\/index.php\/wp-json\/wp\/v2\/pages\/528","targetHints":{"allow":["GET"]}}],"collection":[{"href":"https:\/\/comiti-concept.fr\/index.php\/wp-json\/wp\/v2\/pages"}],"about":[{"href":"https:\/\/comiti-concept.fr\/index.php\/wp-json\/wp\/v2\/types\/page"}],"author":[{"embeddable":true,"href":"https:\/\/comiti-concept.fr\/index.php\/wp-json\/wp\/v2\/users\/1"}],"replies":[{"embeddable":true,"href":"https:\/\/comiti-concept.fr\/index.php\/wp-json\/wp\/v2\/comments?post=528"}],"version-history":[{"count":5,"href":"https:\/\/comiti-concept.fr\/index.php\/wp-json\/wp\/v2\/pages\/528\/revisions"}],"predecessor-version":[{"id":548,"href":"https:\/\/comiti-concept.fr\/index.php\/wp-json\/wp\/v2\/pages\/528\/revisions\/548"}],"wp:attachment":[{"href":"https:\/\/comiti-concept.fr\/index.php\/wp-json\/wp\/v2\/media?parent=528"}],"curies":[{"name":"wp","href":"https:\/\/api.w.org\/{rel}","templated":true}]}}