{"id":45,"date":"2024-11-13T14:20:22","date_gmt":"2024-11-13T13:20:22","guid":{"rendered":"https:\/\/comiti-concept.fr\/?page_id=45"},"modified":"2024-11-27T13:32:50","modified_gmt":"2024-11-27T12:32:50","slug":"laccompagnement-complet","status":"publish","type":"page","link":"https:\/\/comiti-concept.fr\/index.php\/laccompagnement-complet\/","title":{"rendered":"L\u2019accompagnement complet"},"content":{"rendered":"\n<div class=\"wp-block-media-text is-stacked-on-mobile\"><figure class=\"wp-block-media-text__media\"><img fetchpriority=\"high\" decoding=\"async\" width=\"1000\" height=\"667\" src=\"https:\/\/comiti-concept.fr\/wp-content\/uploads\/2024\/11\/phone-call-2.png\" alt=\"\" class=\"wp-image-167 size-full\" srcset=\"https:\/\/comiti-concept.fr\/wp-content\/uploads\/2024\/11\/phone-call-2.png 1000w, https:\/\/comiti-concept.fr\/wp-content\/uploads\/2024\/11\/phone-call-2-600x400.png 600w, https:\/\/comiti-concept.fr\/wp-content\/uploads\/2024\/11\/phone-call-2-300x200.png 300w, https:\/\/comiti-concept.fr\/wp-content\/uploads\/2024\/11\/phone-call-2-768x512.png 768w, https:\/\/comiti-concept.fr\/wp-content\/uploads\/2024\/11\/phone-call-2-450x300.png 450w\" sizes=\"(max-width: 1000px) 100vw, 1000px\" \/><\/figure><div class=\"wp-block-media-text__content\">\n<p><strong>Cette prestation comprend&nbsp;:<\/strong><\/p>\n\n\n\n<ul class=\"wp-block-list\">\n<li>Le relev\u00e9 de mesures<\/li>\n\n\n\n<li>L\u2019\u00e9tude<\/li>\n\n\n\n<li>La recherche des fournisseurs pour effectuer les devis d\u2019agencements, de travaux, etc\u2026<\/li>\n\n\n\n<li>\u00c9tablissement d\u2019un r\u00e9troplanning<\/li>\n<\/ul>\n\n\n\n<p>Je vous <strong>accompagne jusqu\u2019\u00e0 la commande<\/strong> des diff\u00e9rents postes (meubles de cuisine, \u00e9lectrom\u00e9nagers, mobilier, plans de travail en pierre, etc\u2026) mais \u00e9galement pour <strong>r\u00e9server les artisans.<\/strong><\/p>\n\n\n\n<p class=\"has-text-align-center\" style=\"font-size:22px\"><strong>Prix&nbsp;: 490 \u20ac HT<\/strong><\/p>\n<\/div><\/div>\n","protected":false},"excerpt":{"rendered":"","protected":false},"author":1,"featured_media":237,"parent":0,"menu_order":0,"comment_status":"closed","ping_status":"closed","template":"","meta":{"footnotes":""},"class_list":["post-45","page","type-page","status-publish","has-post-thumbnail","hentry"],"yoast_head":"<!-- This site is optimized with the Yoast SEO plugin v25.1 - https:\/\/yoast.com\/wordpress\/plugins\/seo\/ -->\n<title>L\u2019accompagnement complet -<\/title>\n<meta name=\"robots\" content=\"index, follow, max-snippet:-1, max-image-preview:large, max-video-preview:-1\" \/>\n<link rel=\"canonical\" href=\"https:\/\/comiti-concept.fr\/index.php\/laccompagnement-complet\/\" \/>\n<meta property=\"og:locale\" content=\"fr_FR\" \/>\n<meta property=\"og:type\" content=\"article\" \/>\n<meta property=\"og:title\" content=\"L\u2019accompagnement complet -\" \/>\n<meta property=\"og:url\" content=\"https:\/\/comiti-concept.fr\/index.php\/laccompagnement-complet\/\" \/>\n<meta property=\"article:modified_time\" content=\"2024-11-27T12:32:50+00:00\" \/>\n<meta property=\"og:image\" content=\"http:\/\/comiti-concept.fr\/wp-content\/uploads\/2024\/11\/pexels-kampus-6684793-scaled.jpg\" \/>\n\t<meta property=\"og:image:width\" content=\"2560\" \/>\n\t<meta property=\"og:image:height\" content=\"1709\" \/>\n\t<meta property=\"og:image:type\" content=\"image\/jpeg\" \/>\n<meta name=\"twitter:card\" content=\"summary_large_image\" \/>\n<script type=\"application\/ld+json\" class=\"yoast-schema-graph\">{\"@context\":\"https:\/\/schema.org\",\"@graph\":[{\"@type\":\"WebPage\",\"@id\":\"https:\/\/comiti-concept.fr\/index.php\/laccompagnement-complet\/\",\"url\":\"https:\/\/comiti-concept.fr\/index.php\/laccompagnement-complet\/\",\"name\":\"L\u2019accompagnement complet -\",\"isPartOf\":{\"@id\":\"https:\/\/comiti-concept.fr\/#website\"},\"primaryImageOfPage\":{\"@id\":\"https:\/\/comiti-concept.fr\/index.php\/laccompagnement-complet\/#primaryimage\"},\"image\":{\"@id\":\"https:\/\/comiti-concept.fr\/index.php\/laccompagnement-complet\/#primaryimage\"},\"thumbnailUrl\":\"https:\/\/comiti-concept.fr\/wp-content\/uploads\/2024\/11\/pexels-kampus-6684793-scaled.jpg\",\"datePublished\":\"2024-11-13T13:20:22+00:00\",\"dateModified\":\"2024-11-27T12:32:50+00:00\",\"breadcrumb\":{\"@id\":\"https:\/\/comiti-concept.fr\/index.php\/laccompagnement-complet\/#breadcrumb\"},\"inLanguage\":\"fr-FR\",\"potentialAction\":[{\"@type\":\"ReadAction\",\"target\":[\"https:\/\/comiti-concept.fr\/index.php\/laccompagnement-complet\/\"]}]},{\"@type\":\"ImageObject\",\"inLanguage\":\"fr-FR\",\"@id\":\"https:\/\/comiti-concept.fr\/index.php\/laccompagnement-complet\/#primaryimage\",\"url\":\"https:\/\/comiti-concept.fr\/wp-content\/uploads\/2024\/11\/pexels-kampus-6684793-scaled.jpg\",\"contentUrl\":\"https:\/\/comiti-concept.fr\/wp-content\/uploads\/2024\/11\/pexels-kampus-6684793-scaled.jpg\",\"width\":2560,\"height\":1709},{\"@type\":\"BreadcrumbList\",\"@id\":\"https:\/\/comiti-concept.fr\/index.php\/laccompagnement-complet\/#breadcrumb\",\"itemListElement\":[{\"@type\":\"ListItem\",\"position\":1,\"name\":\"Accueil\",\"item\":\"https:\/\/comiti-concept.fr\/\"},{\"@type\":\"ListItem\",\"position\":2,\"name\":\"L\u2019accompagnement complet\"}]},{\"@type\":\"WebSite\",\"@id\":\"https:\/\/comiti-concept.fr\/#website\",\"url\":\"https:\/\/comiti-concept.fr\/\",\"name\":\"\",\"description\":\"Conseils en agencement de cuisines et d\u00e9co d&#039;int\u00e9rieur\",\"potentialAction\":[{\"@type\":\"SearchAction\",\"target\":{\"@type\":\"EntryPoint\",\"urlTemplate\":\"https:\/\/comiti-concept.fr\/?s={search_term_string}\"},\"query-input\":{\"@type\":\"PropertyValueSpecification\",\"valueRequired\":true,\"valueName\":\"search_term_string\"}}],\"inLanguage\":\"fr-FR\"}]}<\/script>\n<!-- \/ Yoast SEO plugin. -->","yoast_head_json":{"title":"L\u2019accompagnement complet -","robots":{"index":"index","follow":"follow","max-snippet":"max-snippet:-1","max-image-preview":"max-image-preview:large","max-video-preview":"max-video-preview:-1"},"canonical":"https:\/\/comiti-concept.fr\/index.php\/laccompagnement-complet\/","og_locale":"fr_FR","og_type":"article","og_title":"L\u2019accompagnement complet -","og_url":"https:\/\/comiti-concept.fr\/index.php\/laccompagnement-complet\/","article_modified_time":"2024-11-27T12:32:50+00:00","og_image":[{"width":2560,"height":1709,"url":"http:\/\/comiti-concept.fr\/wp-content\/uploads\/2024\/11\/pexels-kampus-6684793-scaled.jpg","type":"image\/jpeg"}],"twitter_card":"summary_large_image","schema":{"@context":"https:\/\/schema.org","@graph":[{"@type":"WebPage","@id":"https:\/\/comiti-concept.fr\/index.php\/laccompagnement-complet\/","url":"https:\/\/comiti-concept.fr\/index.php\/laccompagnement-complet\/","name":"L\u2019accompagnement complet -","isPartOf":{"@id":"https:\/\/comiti-concept.fr\/#website"},"primaryImageOfPage":{"@id":"https:\/\/comiti-concept.fr\/index.php\/laccompagnement-complet\/#primaryimage"},"image":{"@id":"https:\/\/comiti-concept.fr\/index.php\/laccompagnement-complet\/#primaryimage"},"thumbnailUrl":"https:\/\/comiti-concept.fr\/wp-content\/uploads\/2024\/11\/pexels-kampus-6684793-scaled.jpg","datePublished":"2024-11-13T13:20:22+00:00","dateModified":"2024-11-27T12:32:50+00:00","breadcrumb":{"@id":"https:\/\/comiti-concept.fr\/index.php\/laccompagnement-complet\/#breadcrumb"},"inLanguage":"fr-FR","potentialAction":[{"@type":"ReadAction","target":["https:\/\/comiti-concept.fr\/index.php\/laccompagnement-complet\/"]}]},{"@type":"ImageObject","inLanguage":"fr-FR","@id":"https:\/\/comiti-concept.fr\/index.php\/laccompagnement-complet\/#primaryimage","url":"https:\/\/comiti-concept.fr\/wp-content\/uploads\/2024\/11\/pexels-kampus-6684793-scaled.jpg","contentUrl":"https:\/\/comiti-concept.fr\/wp-content\/uploads\/2024\/11\/pexels-kampus-6684793-scaled.jpg","width":2560,"height":1709},{"@type":"BreadcrumbList","@id":"https:\/\/comiti-concept.fr\/index.php\/laccompagnement-complet\/#breadcrumb","itemListElement":[{"@type":"ListItem","position":1,"name":"Accueil","item":"https:\/\/comiti-concept.fr\/"},{"@type":"ListItem","position":2,"name":"L\u2019accompagnement complet"}]},{"@type":"WebSite","@id":"https:\/\/comiti-concept.fr\/#website","url":"https:\/\/comiti-concept.fr\/","name":"","description":"Conseils en agencement de cuisines et d\u00e9co d&#039;int\u00e9rieur","potentialAction":[{"@type":"SearchAction","target":{"@type":"EntryPoint","urlTemplate":"https:\/\/comiti-concept.fr\/?s={search_term_string}"},"query-input":{"@type":"PropertyValueSpecification","valueRequired":true,"valueName":"search_term_string"}}],"inLanguage":"fr-FR"}]}},"rttpg_featured_image_url":{"full":["https:\/\/comiti-concept.fr\/wp-content\/uploads\/2024\/11\/pexels-kampus-6684793-scaled.jpg",2560,1709,false],"landscape":["https:\/\/comiti-concept.fr\/wp-content\/uploads\/2024\/11\/pexels-kampus-6684793-scaled.jpg",2560,1709,false],"portraits":["https:\/\/comiti-concept.fr\/wp-content\/uploads\/2024\/11\/pexels-kampus-6684793-scaled.jpg",2560,1709,false],"thumbnail":["https:\/\/comiti-concept.fr\/wp-content\/uploads\/2024\/11\/pexels-kampus-6684793-150x150.jpg",150,150,true],"medium":["https:\/\/comiti-concept.fr\/wp-content\/uploads\/2024\/11\/pexels-kampus-6684793-300x200.jpg",300,200,true],"large":["https:\/\/comiti-concept.fr\/wp-content\/uploads\/2024\/11\/pexels-kampus-6684793-1024x684.jpg",1024,684,true],"1536x1536":["https:\/\/comiti-concept.fr\/wp-content\/uploads\/2024\/11\/pexels-kampus-6684793-1536x1025.jpg",1536,1025,true],"2048x2048":["https:\/\/comiti-concept.fr\/wp-content\/uploads\/2024\/11\/pexels-kampus-6684793-2048x1367.jpg",2048,1367,true],"post-thumbnail":["https:\/\/comiti-concept.fr\/wp-content\/uploads\/2024\/11\/pexels-kampus-6684793-449x300.jpg",449,300,true],"bravada-featured":["https:\/\/comiti-concept.fr\/wp-content\/uploads\/2024\/11\/pexels-kampus-6684793-903x300.jpg",903,300,true],"bravada-featured-lp":["https:\/\/comiti-concept.fr\/wp-content\/uploads\/2024\/11\/pexels-kampus-6684793-960x300.jpg",960,300,true],"bravada-featured-half":["https:\/\/comiti-concept.fr\/wp-content\/uploads\/2024\/11\/pexels-kampus-6684793-800x300.jpg",800,300,true],"bravada-featured-third":["https:\/\/comiti-concept.fr\/wp-content\/uploads\/2024\/11\/pexels-kampus-6684793-512x300.jpg",512,300,true],"bravada-lpbox-1":["https:\/\/comiti-concept.fr\/wp-content\/uploads\/2024\/11\/pexels-kampus-6684793-1920x600.jpg",1920,600,true],"bravada-lpbox-2":["https:\/\/comiti-concept.fr\/wp-content\/uploads\/2024\/11\/pexels-kampus-6684793-960x600.jpg",960,600,true],"woocommerce_thumbnail":["https:\/\/comiti-concept.fr\/wp-content\/uploads\/2024\/11\/pexels-kampus-6684793-scaled-300x300.jpg",300,300,true],"woocommerce_single":["https:\/\/comiti-concept.fr\/wp-content\/uploads\/2024\/11\/pexels-kampus-6684793-scaled-600x401.jpg",600,401,true],"woocommerce_gallery_thumbnail":["https:\/\/comiti-concept.fr\/wp-content\/uploads\/2024\/11\/pexels-kampus-6684793-scaled-100x100.jpg",100,100,true]},"rttpg_author":{"display_name":"admin8176","author_link":"https:\/\/comiti-concept.fr\/index.php\/author\/admin8176\/"},"rttpg_comment":0,"rttpg_category":null,"rttpg_excerpt":null,"_links":{"self":[{"href":"https:\/\/comiti-concept.fr\/index.php\/wp-json\/wp\/v2\/pages\/45","targetHints":{"allow":["GET"]}}],"collection":[{"href":"https:\/\/comiti-concept.fr\/index.php\/wp-json\/wp\/v2\/pages"}],"about":[{"href":"https:\/\/comiti-concept.fr\/index.php\/wp-json\/wp\/v2\/types\/page"}],"author":[{"embeddable":true,"href":"https:\/\/comiti-concept.fr\/index.php\/wp-json\/wp\/v2\/users\/1"}],"replies":[{"embeddable":true,"href":"https:\/\/comiti-concept.fr\/index.php\/wp-json\/wp\/v2\/comments?post=45"}],"version-history":[{"count":7,"href":"https:\/\/comiti-concept.fr\/index.php\/wp-json\/wp\/v2\/pages\/45\/revisions"}],"predecessor-version":[{"id":364,"href":"https:\/\/comiti-concept.fr\/index.php\/wp-json\/wp\/v2\/pages\/45\/revisions\/364"}],"wp:featuredmedia":[{"embeddable":true,"href":"https:\/\/comiti-concept.fr\/index.php\/wp-json\/wp\/v2\/media\/237"}],"wp:attachment":[{"href":"https:\/\/comiti-concept.fr\/index.php\/wp-json\/wp\/v2\/media?parent=45"}],"curies":[{"name":"wp","href":"https:\/\/api.w.org\/{rel}","templated":true}]}}