{"id":42,"date":"2024-11-13T14:20:01","date_gmt":"2024-11-13T13:20:01","guid":{"rendered":"https:\/\/comiti-concept.fr\/?page_id=42"},"modified":"2024-11-28T15:59:03","modified_gmt":"2024-11-28T14:59:03","slug":"letude","status":"publish","type":"page","link":"https:\/\/comiti-concept.fr\/index.php\/letude\/","title":{"rendered":"L\u2019\u00e9tude\u00a0"},"content":{"rendered":"\n<p><\/p>\n\n\n\n<div class=\"wp-block-media-text has-media-on-the-right is-stacked-on-mobile is-image-fill-element\" style=\"grid-template-columns:auto 33%\"><div class=\"wp-block-media-text__content\">\n<p>L\u2019\u00e9tude peut se faire sur la <strong>base d\u2019un plan d\u2019architecte,<\/strong> <strong>d\u2019un constructeur<\/strong> ou <strong>de dimensions relev\u00e9es par vos soins<\/strong>.<\/p>\n\n\n\n<p>Nous prendrons le temps de remplir ensemble une fiche d\u2019informations avec vos d\u00e9sid\u00e9ratas. D\u00e9lais, mati\u00e8res envisag\u00e9es, travaux \u00e0 pr\u00e9voir, etc\u2026<\/p>\n\n\n\n<p>Un <strong>dossier d&rsquo;\u00e9tude complet<\/strong> vous sera remis comprenant&nbsp;:<\/p>\n\n\n\n<ul class=\"wp-block-list\">\n<li>1 plan<\/li>\n\n\n\n<li>\u00c9l\u00e9vations<\/li>\n\n\n\n<li>Vues 3d<\/li>\n\n\n\n<li>Planche de mat\u00e9riaux<\/li>\n\n\n\n<li>Proposition de fournisseurs<\/li>\n<\/ul>\n\n\n\n<p>Dans cette \u00e9tude, vous b\u00e9n\u00e9ficiez de 3 modifications d\u2019am\u00e9nagement et 4 modifications de mati\u00e8re.<\/p>\n\n\n\n<p class=\"has-text-align-center\" style=\"font-size:22px\"><strong>Prix&nbsp;: 200 \u20ac HT pour une pi\u00e8ce et 300 \u20ac HT <\/strong><\/p>\n\n\n\n<p class=\"has-text-align-center\" style=\"font-size:22px\"><strong>pour une grande pi\u00e8ce de vie ou cuisine.<\/strong><\/p>\n<\/div><figure class=\"wp-block-media-text__media\"><img fetchpriority=\"high\" decoding=\"async\" width=\"1024\" height=\"768\" src=\"http:\/\/comiti-concept.fr\/wp-content\/uploads\/2024\/11\/Planche-de-matiere-1-1024x768.png\" alt=\"\" class=\"wp-image-369 size-full\" style=\"object-position:50% 50%\" srcset=\"https:\/\/comiti-concept.fr\/wp-content\/uploads\/2024\/11\/Planche-de-matiere-1-1024x768.png 1024w, https:\/\/comiti-concept.fr\/wp-content\/uploads\/2024\/11\/Planche-de-matiere-1-600x450.png 600w, https:\/\/comiti-concept.fr\/wp-content\/uploads\/2024\/11\/Planche-de-matiere-1-300x225.png 300w, https:\/\/comiti-concept.fr\/wp-content\/uploads\/2024\/11\/Planche-de-matiere-1-768x576.png 768w, https:\/\/comiti-concept.fr\/wp-content\/uploads\/2024\/11\/Planche-de-matiere-1-1536x1152.png 1536w, https:\/\/comiti-concept.fr\/wp-content\/uploads\/2024\/11\/Planche-de-matiere-1-400x300.png 400w, https:\/\/comiti-concept.fr\/wp-content\/uploads\/2024\/11\/Planche-de-matiere-1.png 1890w\" sizes=\"(max-width: 1024px) 100vw, 1024px\" \/><\/figure><\/div>\n\n\n\n<p><\/p>\n","protected":false},"excerpt":{"rendered":"","protected":false},"author":1,"featured_media":234,"parent":0,"menu_order":0,"comment_status":"closed","ping_status":"closed","template":"","meta":{"footnotes":""},"class_list":["post-42","page","type-page","status-publish","has-post-thumbnail","hentry"],"yoast_head":"<!-- This site is optimized with the Yoast SEO plugin v25.1 - https:\/\/yoast.com\/wordpress\/plugins\/seo\/ -->\n<title>L\u2019\u00e9tude\u00a0 -<\/title>\n<meta name=\"robots\" content=\"index, follow, max-snippet:-1, max-image-preview:large, max-video-preview:-1\" \/>\n<link rel=\"canonical\" href=\"https:\/\/comiti-concept.fr\/index.php\/letude\/\" \/>\n<meta property=\"og:locale\" content=\"fr_FR\" \/>\n<meta property=\"og:type\" content=\"article\" \/>\n<meta property=\"og:title\" content=\"L\u2019\u00e9tude\u00a0 -\" \/>\n<meta property=\"og:url\" content=\"https:\/\/comiti-concept.fr\/index.php\/letude\/\" \/>\n<meta property=\"article:modified_time\" content=\"2024-11-28T14:59:03+00:00\" \/>\n<meta property=\"og:image\" content=\"http:\/\/comiti-concept.fr\/wp-content\/uploads\/2024\/11\/graphic-design-color-swatches-pens-desk-architectural-drawing-with-work-tools-accessories-scaled.jpg\" \/>\n\t<meta property=\"og:image:width\" content=\"2560\" \/>\n\t<meta property=\"og:image:height\" content=\"1707\" \/>\n\t<meta property=\"og:image:type\" content=\"image\/jpeg\" \/>\n<meta name=\"twitter:card\" content=\"summary_large_image\" \/>\n<meta name=\"twitter:label1\" content=\"Dur\u00e9e de lecture estim\u00e9e\" \/>\n\t<meta name=\"twitter:data1\" content=\"1 minute\" \/>\n<script type=\"application\/ld+json\" class=\"yoast-schema-graph\">{\"@context\":\"https:\/\/schema.org\",\"@graph\":[{\"@type\":\"WebPage\",\"@id\":\"https:\/\/comiti-concept.fr\/index.php\/letude\/\",\"url\":\"https:\/\/comiti-concept.fr\/index.php\/letude\/\",\"name\":\"L\u2019\u00e9tude\u00a0 -\",\"isPartOf\":{\"@id\":\"https:\/\/comiti-concept.fr\/#website\"},\"primaryImageOfPage\":{\"@id\":\"https:\/\/comiti-concept.fr\/index.php\/letude\/#primaryimage\"},\"image\":{\"@id\":\"https:\/\/comiti-concept.fr\/index.php\/letude\/#primaryimage\"},\"thumbnailUrl\":\"https:\/\/comiti-concept.fr\/wp-content\/uploads\/2024\/11\/graphic-design-color-swatches-pens-desk-architectural-drawing-with-work-tools-accessories-scaled.jpg\",\"datePublished\":\"2024-11-13T13:20:01+00:00\",\"dateModified\":\"2024-11-28T14:59:03+00:00\",\"breadcrumb\":{\"@id\":\"https:\/\/comiti-concept.fr\/index.php\/letude\/#breadcrumb\"},\"inLanguage\":\"fr-FR\",\"potentialAction\":[{\"@type\":\"ReadAction\",\"target\":[\"https:\/\/comiti-concept.fr\/index.php\/letude\/\"]}]},{\"@type\":\"ImageObject\",\"inLanguage\":\"fr-FR\",\"@id\":\"https:\/\/comiti-concept.fr\/index.php\/letude\/#primaryimage\",\"url\":\"https:\/\/comiti-concept.fr\/wp-content\/uploads\/2024\/11\/graphic-design-color-swatches-pens-desk-architectural-drawing-with-work-tools-accessories-scaled.jpg\",\"contentUrl\":\"https:\/\/comiti-concept.fr\/wp-content\/uploads\/2024\/11\/graphic-design-color-swatches-pens-desk-architectural-drawing-with-work-tools-accessories-scaled.jpg\",\"width\":2560,\"height\":1707,\"caption\":\"Graphic design and color swatches and pens on a desk. Architectural drawing with work tools and accessories.\"},{\"@type\":\"BreadcrumbList\",\"@id\":\"https:\/\/comiti-concept.fr\/index.php\/letude\/#breadcrumb\",\"itemListElement\":[{\"@type\":\"ListItem\",\"position\":1,\"name\":\"Accueil\",\"item\":\"https:\/\/comiti-concept.fr\/\"},{\"@type\":\"ListItem\",\"position\":2,\"name\":\"L\u2019\u00e9tude\u00a0\"}]},{\"@type\":\"WebSite\",\"@id\":\"https:\/\/comiti-concept.fr\/#website\",\"url\":\"https:\/\/comiti-concept.fr\/\",\"name\":\"\",\"description\":\"Conseils en agencement de cuisines et d\u00e9co d&#039;int\u00e9rieur\",\"potentialAction\":[{\"@type\":\"SearchAction\",\"target\":{\"@type\":\"EntryPoint\",\"urlTemplate\":\"https:\/\/comiti-concept.fr\/?s={search_term_string}\"},\"query-input\":{\"@type\":\"PropertyValueSpecification\",\"valueRequired\":true,\"valueName\":\"search_term_string\"}}],\"inLanguage\":\"fr-FR\"}]}<\/script>\n<!-- \/ Yoast SEO plugin. -->","yoast_head_json":{"title":"L\u2019\u00e9tude\u00a0 -","robots":{"index":"index","follow":"follow","max-snippet":"max-snippet:-1","max-image-preview":"max-image-preview:large","max-video-preview":"max-video-preview:-1"},"canonical":"https:\/\/comiti-concept.fr\/index.php\/letude\/","og_locale":"fr_FR","og_type":"article","og_title":"L\u2019\u00e9tude\u00a0 -","og_url":"https:\/\/comiti-concept.fr\/index.php\/letude\/","article_modified_time":"2024-11-28T14:59:03+00:00","og_image":[{"width":2560,"height":1707,"url":"http:\/\/comiti-concept.fr\/wp-content\/uploads\/2024\/11\/graphic-design-color-swatches-pens-desk-architectural-drawing-with-work-tools-accessories-scaled.jpg","type":"image\/jpeg"}],"twitter_card":"summary_large_image","twitter_misc":{"Dur\u00e9e de lecture estim\u00e9e":"1 minute"},"schema":{"@context":"https:\/\/schema.org","@graph":[{"@type":"WebPage","@id":"https:\/\/comiti-concept.fr\/index.php\/letude\/","url":"https:\/\/comiti-concept.fr\/index.php\/letude\/","name":"L\u2019\u00e9tude\u00a0 -","isPartOf":{"@id":"https:\/\/comiti-concept.fr\/#website"},"primaryImageOfPage":{"@id":"https:\/\/comiti-concept.fr\/index.php\/letude\/#primaryimage"},"image":{"@id":"https:\/\/comiti-concept.fr\/index.php\/letude\/#primaryimage"},"thumbnailUrl":"https:\/\/comiti-concept.fr\/wp-content\/uploads\/2024\/11\/graphic-design-color-swatches-pens-desk-architectural-drawing-with-work-tools-accessories-scaled.jpg","datePublished":"2024-11-13T13:20:01+00:00","dateModified":"2024-11-28T14:59:03+00:00","breadcrumb":{"@id":"https:\/\/comiti-concept.fr\/index.php\/letude\/#breadcrumb"},"inLanguage":"fr-FR","potentialAction":[{"@type":"ReadAction","target":["https:\/\/comiti-concept.fr\/index.php\/letude\/"]}]},{"@type":"ImageObject","inLanguage":"fr-FR","@id":"https:\/\/comiti-concept.fr\/index.php\/letude\/#primaryimage","url":"https:\/\/comiti-concept.fr\/wp-content\/uploads\/2024\/11\/graphic-design-color-swatches-pens-desk-architectural-drawing-with-work-tools-accessories-scaled.jpg","contentUrl":"https:\/\/comiti-concept.fr\/wp-content\/uploads\/2024\/11\/graphic-design-color-swatches-pens-desk-architectural-drawing-with-work-tools-accessories-scaled.jpg","width":2560,"height":1707,"caption":"Graphic design and color swatches and pens on a desk. Architectural drawing with work tools and accessories."},{"@type":"BreadcrumbList","@id":"https:\/\/comiti-concept.fr\/index.php\/letude\/#breadcrumb","itemListElement":[{"@type":"ListItem","position":1,"name":"Accueil","item":"https:\/\/comiti-concept.fr\/"},{"@type":"ListItem","position":2,"name":"L\u2019\u00e9tude\u00a0"}]},{"@type":"WebSite","@id":"https:\/\/comiti-concept.fr\/#website","url":"https:\/\/comiti-concept.fr\/","name":"","description":"Conseils en agencement de cuisines et d\u00e9co d&#039;int\u00e9rieur","potentialAction":[{"@type":"SearchAction","target":{"@type":"EntryPoint","urlTemplate":"https:\/\/comiti-concept.fr\/?s={search_term_string}"},"query-input":{"@type":"PropertyValueSpecification","valueRequired":true,"valueName":"search_term_string"}}],"inLanguage":"fr-FR"}]}},"rttpg_featured_image_url":{"full":["https:\/\/comiti-concept.fr\/wp-content\/uploads\/2024\/11\/graphic-design-color-swatches-pens-desk-architectural-drawing-with-work-tools-accessories-scaled.jpg",2560,1707,false],"landscape":["https:\/\/comiti-concept.fr\/wp-content\/uploads\/2024\/11\/graphic-design-color-swatches-pens-desk-architectural-drawing-with-work-tools-accessories-scaled.jpg",2560,1707,false],"portraits":["https:\/\/comiti-concept.fr\/wp-content\/uploads\/2024\/11\/graphic-design-color-swatches-pens-desk-architectural-drawing-with-work-tools-accessories-scaled.jpg",2560,1707,false],"thumbnail":["https:\/\/comiti-concept.fr\/wp-content\/uploads\/2024\/11\/graphic-design-color-swatches-pens-desk-architectural-drawing-with-work-tools-accessories-150x150.jpg",150,150,true],"medium":["https:\/\/comiti-concept.fr\/wp-content\/uploads\/2024\/11\/graphic-design-color-swatches-pens-desk-architectural-drawing-with-work-tools-accessories-300x200.jpg",300,200,true],"large":["https:\/\/comiti-concept.fr\/wp-content\/uploads\/2024\/11\/graphic-design-color-swatches-pens-desk-architectural-drawing-with-work-tools-accessories-1024x683.jpg",1024,683,true],"1536x1536":["https:\/\/comiti-concept.fr\/wp-content\/uploads\/2024\/11\/graphic-design-color-swatches-pens-desk-architectural-drawing-with-work-tools-accessories-1536x1024.jpg",1536,1024,true],"2048x2048":["https:\/\/comiti-concept.fr\/wp-content\/uploads\/2024\/11\/graphic-design-color-swatches-pens-desk-architectural-drawing-with-work-tools-accessories-2048x1365.jpg",2048,1365,true],"post-thumbnail":["https:\/\/comiti-concept.fr\/wp-content\/uploads\/2024\/11\/graphic-design-color-swatches-pens-desk-architectural-drawing-with-work-tools-accessories-450x300.jpg",450,300,true],"bravada-featured":["https:\/\/comiti-concept.fr\/wp-content\/uploads\/2024\/11\/graphic-design-color-swatches-pens-desk-architectural-drawing-with-work-tools-accessories-903x300.jpg",903,300,true],"bravada-featured-lp":["https:\/\/comiti-concept.fr\/wp-content\/uploads\/2024\/11\/graphic-design-color-swatches-pens-desk-architectural-drawing-with-work-tools-accessories-960x300.jpg",960,300,true],"bravada-featured-half":["https:\/\/comiti-concept.fr\/wp-content\/uploads\/2024\/11\/graphic-design-color-swatches-pens-desk-architectural-drawing-with-work-tools-accessories-800x300.jpg",800,300,true],"bravada-featured-third":["https:\/\/comiti-concept.fr\/wp-content\/uploads\/2024\/11\/graphic-design-color-swatches-pens-desk-architectural-drawing-with-work-tools-accessories-512x300.jpg",512,300,true],"bravada-lpbox-1":["https:\/\/comiti-concept.fr\/wp-content\/uploads\/2024\/11\/graphic-design-color-swatches-pens-desk-architectural-drawing-with-work-tools-accessories-1920x600.jpg",1920,600,true],"bravada-lpbox-2":["https:\/\/comiti-concept.fr\/wp-content\/uploads\/2024\/11\/graphic-design-color-swatches-pens-desk-architectural-drawing-with-work-tools-accessories-960x600.jpg",960,600,true],"woocommerce_thumbnail":["https:\/\/comiti-concept.fr\/wp-content\/uploads\/2024\/11\/graphic-design-color-swatches-pens-desk-architectural-drawing-with-work-tools-accessories-scaled-300x300.jpg",300,300,true],"woocommerce_single":["https:\/\/comiti-concept.fr\/wp-content\/uploads\/2024\/11\/graphic-design-color-swatches-pens-desk-architectural-drawing-with-work-tools-accessories-scaled-600x400.jpg",600,400,true],"woocommerce_gallery_thumbnail":["https:\/\/comiti-concept.fr\/wp-content\/uploads\/2024\/11\/graphic-design-color-swatches-pens-desk-architectural-drawing-with-work-tools-accessories-scaled-100x100.jpg",100,100,true]},"rttpg_author":{"display_name":"admin8176","author_link":"https:\/\/comiti-concept.fr\/index.php\/author\/admin8176\/"},"rttpg_comment":0,"rttpg_category":null,"rttpg_excerpt":null,"_links":{"self":[{"href":"https:\/\/comiti-concept.fr\/index.php\/wp-json\/wp\/v2\/pages\/42","targetHints":{"allow":["GET"]}}],"collection":[{"href":"https:\/\/comiti-concept.fr\/index.php\/wp-json\/wp\/v2\/pages"}],"about":[{"href":"https:\/\/comiti-concept.fr\/index.php\/wp-json\/wp\/v2\/types\/page"}],"author":[{"embeddable":true,"href":"https:\/\/comiti-concept.fr\/index.php\/wp-json\/wp\/v2\/users\/1"}],"replies":[{"embeddable":true,"href":"https:\/\/comiti-concept.fr\/index.php\/wp-json\/wp\/v2\/comments?post=42"}],"version-history":[{"count":7,"href":"https:\/\/comiti-concept.fr\/index.php\/wp-json\/wp\/v2\/pages\/42\/revisions"}],"predecessor-version":[{"id":370,"href":"https:\/\/comiti-concept.fr\/index.php\/wp-json\/wp\/v2\/pages\/42\/revisions\/370"}],"wp:featuredmedia":[{"embeddable":true,"href":"https:\/\/comiti-concept.fr\/index.php\/wp-json\/wp\/v2\/media\/234"}],"wp:attachment":[{"href":"https:\/\/comiti-concept.fr\/index.php\/wp-json\/wp\/v2\/media?parent=42"}],"curies":[{"name":"wp","href":"https:\/\/api.w.org\/{rel}","templated":true}]}}