{"id":39,"date":"2024-11-13T14:19:09","date_gmt":"2024-11-13T13:19:09","guid":{"rendered":"https:\/\/comiti-concept.fr\/?page_id=39"},"modified":"2025-01-30T14:55:15","modified_gmt":"2025-01-30T13:55:15","slug":"le-releve-de-mesures","status":"publish","type":"page","link":"https:\/\/comiti-concept.fr\/index.php\/le-releve-de-mesures\/","title":{"rendered":"Le relev\u00e9 de mesures\u00a0"},"content":{"rendered":"\n<h2 class=\"wp-block-heading\"><strong>Qu&rsquo;est-ce qu&rsquo;un relev\u00e9 de mesures ?<\/strong><\/h2>\n\n\n\n<p><strong>Le relev\u00e9 de mesures<\/strong> est un \u00e9l\u00e9ment essentiel dans votre projet. C\u2019est la base de tout ce qui sera fait \u00e0 la suite de ces informations. <strong><a href=\"https:\/\/comiti-concept.fr\/index.php\/letude\/\">Plans d\u2019\u00e9tudes pr\u00e9cis<\/a><\/strong>, de commandes, plans technique, de pose, etc&#8230;<\/p>\n\n\n\n<div class=\"wp-block-columns alignfull is-layout-flex wp-container-core-columns-is-layout-9d6595d7 wp-block-columns-is-layout-flex\">\n<div class=\"wp-block-column is-layout-flow wp-block-column-is-layout-flow\">\n<div class=\"wp-block-media-text is-stacked-on-mobile\" style=\"grid-template-columns:56% auto\"><figure class=\"wp-block-media-text__media\"><img fetchpriority=\"high\" decoding=\"async\" width=\"1024\" height=\"683\" src=\"http:\/\/comiti-concept.fr\/wp-content\/uploads\/2024\/11\/high-angle-man-measuring-with-ruler-1024x683.jpg\" alt=\"Relev\u00e9 de mesures m\u00e8tre ruban plans\" class=\"wp-image-87 size-full\" srcset=\"https:\/\/comiti-concept.fr\/wp-content\/uploads\/2024\/11\/high-angle-man-measuring-with-ruler-1024x683.jpg 1024w, https:\/\/comiti-concept.fr\/wp-content\/uploads\/2024\/11\/high-angle-man-measuring-with-ruler-scaled-600x400.jpg 600w, https:\/\/comiti-concept.fr\/wp-content\/uploads\/2024\/11\/high-angle-man-measuring-with-ruler-300x200.jpg 300w, https:\/\/comiti-concept.fr\/wp-content\/uploads\/2024\/11\/high-angle-man-measuring-with-ruler-768x512.jpg 768w, https:\/\/comiti-concept.fr\/wp-content\/uploads\/2024\/11\/high-angle-man-measuring-with-ruler-1536x1024.jpg 1536w, https:\/\/comiti-concept.fr\/wp-content\/uploads\/2024\/11\/high-angle-man-measuring-with-ruler-2048x1365.jpg 2048w, https:\/\/comiti-concept.fr\/wp-content\/uploads\/2024\/11\/high-angle-man-measuring-with-ruler-450x300.jpg 450w\" sizes=\"(max-width: 1024px) 100vw, 1024px\" \/><\/figure><div class=\"wp-block-media-text__content\">\n<h2 class=\"wp-block-heading\">Le d\u00e9roulement:<\/h2>\n\n\n\n<p>Je rel\u00e8ve  les c\u00f4tes des murs, plafond, gaine techniques, ouvertures, etc, mais \u00e9galement toutes les informations n\u00e9cessaires comme les faux niveaux, l&rsquo;\u00e9tat des supports ou du sol par exemple. Cela permet de r\u00e9aliser un document repr\u00e9sentant la g\u00e9om\u00e9trie pr\u00e9cise de la pi\u00e8ce \u00e0 un moment donn\u00e9.<\/p>\n\n\n\n<p><a href=\"https:\/\/fr.wikipedia.org\/wiki\/Relev%C3%A9_de_mesures#:~:text=Le%20relev%C3%A9%20de%20mesures%20ou,b%C3%A2timent%20ou%20les%20travaux%20publics.\">Cette prise de c\u00f4tes<\/a> vous permet \u00e9galement de bien identifier o\u00f9 se trouvent les arriv\u00e9es d\u2019eau, les \u00e9vacuations, les diff\u00e9rents appareillages \u00e9lectriques et sans oublier les trappes de visite ou bouches de vmc, etc\u2026 <\/p>\n\n\n\n<p>Une fois le relev\u00e9 de mesures effectu\u00e9, toutes les informations relev\u00e9es sont remises au propre dans un dossier num\u00e9rique.<\/p>\n\n\n\n<p>Ce dossier, vous est remis sous forme de Pdf ou de fichier Dwg pour mieux communiquer avec les architectes. Il comprend\u00a0:<\/p>\n\n\n\n<ul class=\"wp-block-list\">\n<li>1 plan cot\u00e9<\/li>\n\n\n\n<li>Les diff\u00e9rentes \u00e9l\u00e9vations cot\u00e9es des murs<\/li>\n\n\n\n<li>Vues 3D<\/li>\n<\/ul>\n\n\n\n<p class=\"has-text-align-center\" style=\"font-size:22px\"><strong>Prix indicatif&nbsp;: 90 \u20ac HT pour une pi\u00e8ce de 15 m\u00b2 <\/strong><\/p>\n\n\n\n<p class=\"has-text-align-center\" style=\"font-size:22px\"><strong>hors d\u00e9placement.<\/strong><\/p>\n<\/div><\/div>\n<\/div>\n<\/div>\n\n\n\n<p><\/p>\n","protected":false},"excerpt":{"rendered":"<p>Qu&rsquo;est-ce qu&rsquo;un relev\u00e9 de mesures ? Le relev\u00e9 de mesures est un \u00e9l\u00e9ment essentiel dans votre projet. C\u2019est la base de tout ce qui sera &hellip;<\/p>\n","protected":false},"author":1,"featured_media":0,"parent":0,"menu_order":0,"comment_status":"closed","ping_status":"closed","template":"","meta":{"footnotes":""},"class_list":["post-39","page","type-page","status-publish","hentry"],"yoast_head":"<!-- This site is optimized with the Yoast SEO plugin v25.1 - https:\/\/yoast.com\/wordpress\/plugins\/seo\/ -->\n<title>Le relev\u00e9 de mesures\u00a0 -<\/title>\n<meta name=\"description\" content=\"Comiti Concept vous propose de r\u00e9aliser un relev\u00e9 de mesures qui vous servira pour effectuer des chiffrages ou des \u00e9tudes de projets.\" \/>\n<meta name=\"robots\" content=\"index, follow, max-snippet:-1, max-image-preview:large, max-video-preview:-1\" \/>\n<link rel=\"canonical\" href=\"https:\/\/comiti-concept.fr\/index.php\/le-releve-de-mesures\/\" \/>\n<meta property=\"og:locale\" content=\"fr_FR\" \/>\n<meta property=\"og:type\" content=\"article\" \/>\n<meta property=\"og:title\" content=\"Le relev\u00e9 de mesures\u00a0 -\" \/>\n<meta property=\"og:description\" content=\"Comiti Concept vous propose de r\u00e9aliser un relev\u00e9 de mesures qui vous servira pour effectuer des chiffrages ou des \u00e9tudes de projets.\" \/>\n<meta property=\"og:url\" content=\"https:\/\/comiti-concept.fr\/index.php\/le-releve-de-mesures\/\" \/>\n<meta property=\"article:modified_time\" content=\"2025-01-30T13:55:15+00:00\" \/>\n<meta property=\"og:image\" content=\"https:\/\/comiti-concept.fr\/wp-content\/uploads\/2024\/11\/high-angle-man-measuring-with-ruler-scaled.jpg\" \/>\n\t<meta property=\"og:image:width\" content=\"2560\" \/>\n\t<meta property=\"og:image:height\" content=\"1707\" \/>\n\t<meta property=\"og:image:type\" content=\"image\/jpeg\" \/>\n<meta name=\"twitter:card\" content=\"summary_large_image\" \/>\n<meta name=\"twitter:label1\" content=\"Dur\u00e9e de lecture estim\u00e9e\" \/>\n\t<meta name=\"twitter:data1\" content=\"2 minutes\" \/>\n<script type=\"application\/ld+json\" class=\"yoast-schema-graph\">{\"@context\":\"https:\/\/schema.org\",\"@graph\":[{\"@type\":\"WebPage\",\"@id\":\"https:\/\/comiti-concept.fr\/index.php\/le-releve-de-mesures\/\",\"url\":\"https:\/\/comiti-concept.fr\/index.php\/le-releve-de-mesures\/\",\"name\":\"Le relev\u00e9 de mesures\u00a0 -\",\"isPartOf\":{\"@id\":\"https:\/\/comiti-concept.fr\/#website\"},\"primaryImageOfPage\":{\"@id\":\"https:\/\/comiti-concept.fr\/index.php\/le-releve-de-mesures\/#primaryimage\"},\"image\":{\"@id\":\"https:\/\/comiti-concept.fr\/index.php\/le-releve-de-mesures\/#primaryimage\"},\"thumbnailUrl\":\"http:\/\/comiti-concept.fr\/wp-content\/uploads\/2024\/11\/high-angle-man-measuring-with-ruler-1024x683.jpg\",\"datePublished\":\"2024-11-13T13:19:09+00:00\",\"dateModified\":\"2025-01-30T13:55:15+00:00\",\"description\":\"Comiti Concept vous propose de r\u00e9aliser un relev\u00e9 de mesures qui vous servira pour effectuer des chiffrages ou des \u00e9tudes de projets.\",\"breadcrumb\":{\"@id\":\"https:\/\/comiti-concept.fr\/index.php\/le-releve-de-mesures\/#breadcrumb\"},\"inLanguage\":\"fr-FR\",\"potentialAction\":[{\"@type\":\"ReadAction\",\"target\":[\"https:\/\/comiti-concept.fr\/index.php\/le-releve-de-mesures\/\"]}]},{\"@type\":\"ImageObject\",\"inLanguage\":\"fr-FR\",\"@id\":\"https:\/\/comiti-concept.fr\/index.php\/le-releve-de-mesures\/#primaryimage\",\"url\":\"https:\/\/comiti-concept.fr\/wp-content\/uploads\/2024\/11\/high-angle-man-measuring-with-ruler-scaled.jpg\",\"contentUrl\":\"https:\/\/comiti-concept.fr\/wp-content\/uploads\/2024\/11\/high-angle-man-measuring-with-ruler-scaled.jpg\",\"width\":2560,\"height\":1707},{\"@type\":\"BreadcrumbList\",\"@id\":\"https:\/\/comiti-concept.fr\/index.php\/le-releve-de-mesures\/#breadcrumb\",\"itemListElement\":[{\"@type\":\"ListItem\",\"position\":1,\"name\":\"Accueil\",\"item\":\"https:\/\/comiti-concept.fr\/\"},{\"@type\":\"ListItem\",\"position\":2,\"name\":\"Le relev\u00e9 de mesures\u00a0\"}]},{\"@type\":\"WebSite\",\"@id\":\"https:\/\/comiti-concept.fr\/#website\",\"url\":\"https:\/\/comiti-concept.fr\/\",\"name\":\"\",\"description\":\"Conseils en agencement de cuisines et d\u00e9co d&#039;int\u00e9rieur\",\"potentialAction\":[{\"@type\":\"SearchAction\",\"target\":{\"@type\":\"EntryPoint\",\"urlTemplate\":\"https:\/\/comiti-concept.fr\/?s={search_term_string}\"},\"query-input\":{\"@type\":\"PropertyValueSpecification\",\"valueRequired\":true,\"valueName\":\"search_term_string\"}}],\"inLanguage\":\"fr-FR\"}]}<\/script>\n<!-- \/ Yoast SEO plugin. -->","yoast_head_json":{"title":"Le relev\u00e9 de mesures\u00a0 -","description":"Comiti Concept vous propose de r\u00e9aliser un relev\u00e9 de mesures qui vous servira pour effectuer des chiffrages ou des \u00e9tudes de projets.","robots":{"index":"index","follow":"follow","max-snippet":"max-snippet:-1","max-image-preview":"max-image-preview:large","max-video-preview":"max-video-preview:-1"},"canonical":"https:\/\/comiti-concept.fr\/index.php\/le-releve-de-mesures\/","og_locale":"fr_FR","og_type":"article","og_title":"Le relev\u00e9 de mesures\u00a0 -","og_description":"Comiti Concept vous propose de r\u00e9aliser un relev\u00e9 de mesures qui vous servira pour effectuer des chiffrages ou des \u00e9tudes de projets.","og_url":"https:\/\/comiti-concept.fr\/index.php\/le-releve-de-mesures\/","article_modified_time":"2025-01-30T13:55:15+00:00","og_image":[{"width":2560,"height":1707,"url":"https:\/\/comiti-concept.fr\/wp-content\/uploads\/2024\/11\/high-angle-man-measuring-with-ruler-scaled.jpg","type":"image\/jpeg"}],"twitter_card":"summary_large_image","twitter_misc":{"Dur\u00e9e de lecture estim\u00e9e":"2 minutes"},"schema":{"@context":"https:\/\/schema.org","@graph":[{"@type":"WebPage","@id":"https:\/\/comiti-concept.fr\/index.php\/le-releve-de-mesures\/","url":"https:\/\/comiti-concept.fr\/index.php\/le-releve-de-mesures\/","name":"Le relev\u00e9 de mesures\u00a0 -","isPartOf":{"@id":"https:\/\/comiti-concept.fr\/#website"},"primaryImageOfPage":{"@id":"https:\/\/comiti-concept.fr\/index.php\/le-releve-de-mesures\/#primaryimage"},"image":{"@id":"https:\/\/comiti-concept.fr\/index.php\/le-releve-de-mesures\/#primaryimage"},"thumbnailUrl":"http:\/\/comiti-concept.fr\/wp-content\/uploads\/2024\/11\/high-angle-man-measuring-with-ruler-1024x683.jpg","datePublished":"2024-11-13T13:19:09+00:00","dateModified":"2025-01-30T13:55:15+00:00","description":"Comiti Concept vous propose de r\u00e9aliser un relev\u00e9 de mesures qui vous servira pour effectuer des chiffrages ou des \u00e9tudes de projets.","breadcrumb":{"@id":"https:\/\/comiti-concept.fr\/index.php\/le-releve-de-mesures\/#breadcrumb"},"inLanguage":"fr-FR","potentialAction":[{"@type":"ReadAction","target":["https:\/\/comiti-concept.fr\/index.php\/le-releve-de-mesures\/"]}]},{"@type":"ImageObject","inLanguage":"fr-FR","@id":"https:\/\/comiti-concept.fr\/index.php\/le-releve-de-mesures\/#primaryimage","url":"https:\/\/comiti-concept.fr\/wp-content\/uploads\/2024\/11\/high-angle-man-measuring-with-ruler-scaled.jpg","contentUrl":"https:\/\/comiti-concept.fr\/wp-content\/uploads\/2024\/11\/high-angle-man-measuring-with-ruler-scaled.jpg","width":2560,"height":1707},{"@type":"BreadcrumbList","@id":"https:\/\/comiti-concept.fr\/index.php\/le-releve-de-mesures\/#breadcrumb","itemListElement":[{"@type":"ListItem","position":1,"name":"Accueil","item":"https:\/\/comiti-concept.fr\/"},{"@type":"ListItem","position":2,"name":"Le relev\u00e9 de mesures\u00a0"}]},{"@type":"WebSite","@id":"https:\/\/comiti-concept.fr\/#website","url":"https:\/\/comiti-concept.fr\/","name":"","description":"Conseils en agencement de cuisines et d\u00e9co d&#039;int\u00e9rieur","potentialAction":[{"@type":"SearchAction","target":{"@type":"EntryPoint","urlTemplate":"https:\/\/comiti-concept.fr\/?s={search_term_string}"},"query-input":{"@type":"PropertyValueSpecification","valueRequired":true,"valueName":"search_term_string"}}],"inLanguage":"fr-FR"}]}},"rttpg_featured_image_url":null,"rttpg_author":{"display_name":"admin8176","author_link":"https:\/\/comiti-concept.fr\/index.php\/author\/admin8176\/"},"rttpg_comment":0,"rttpg_category":null,"rttpg_excerpt":"Qu&rsquo;est-ce qu&rsquo;un relev\u00e9 de mesures ? Le relev\u00e9 de mesures est un \u00e9l\u00e9ment essentiel dans votre projet. C\u2019est la base de tout ce qui sera &hellip;","_links":{"self":[{"href":"https:\/\/comiti-concept.fr\/index.php\/wp-json\/wp\/v2\/pages\/39","targetHints":{"allow":["GET"]}}],"collection":[{"href":"https:\/\/comiti-concept.fr\/index.php\/wp-json\/wp\/v2\/pages"}],"about":[{"href":"https:\/\/comiti-concept.fr\/index.php\/wp-json\/wp\/v2\/types\/page"}],"author":[{"embeddable":true,"href":"https:\/\/comiti-concept.fr\/index.php\/wp-json\/wp\/v2\/users\/1"}],"replies":[{"embeddable":true,"href":"https:\/\/comiti-concept.fr\/index.php\/wp-json\/wp\/v2\/comments?post=39"}],"version-history":[{"count":15,"href":"https:\/\/comiti-concept.fr\/index.php\/wp-json\/wp\/v2\/pages\/39\/revisions"}],"predecessor-version":[{"id":689,"href":"https:\/\/comiti-concept.fr\/index.php\/wp-json\/wp\/v2\/pages\/39\/revisions\/689"}],"wp:attachment":[{"href":"https:\/\/comiti-concept.fr\/index.php\/wp-json\/wp\/v2\/media?parent=39"}],"curies":[{"name":"wp","href":"https:\/\/api.w.org\/{rel}","templated":true}]}}