{"id":36,"date":"2024-11-13T14:18:43","date_gmt":"2024-11-13T13:18:43","guid":{"rendered":"https:\/\/comiti-concept.fr\/?page_id=36"},"modified":"2025-02-25T12:00:51","modified_gmt":"2025-02-25T11:00:51","slug":"etude-de-projet","status":"publish","type":"page","link":"https:\/\/comiti-concept.fr\/index.php\/etude-de-projet\/","title":{"rendered":"\u00c9tude de projet"},"content":{"rendered":"\n<h2 class=\"wp-block-heading has-text-align-center has-large-font-size\">D\u00e9couvrez les services propos\u00e9s pour une \u00e9tude de projet  :<\/h2>\n\n\n\n<p class=\"has-text-align-center has-normal-font-size\">Une<strong> \u00e9tude de projet<\/strong> peut se faire sur un plan ou d&rsquo;apr\u00e8s un <strong>relev\u00e9 de mesures<\/strong>.<br>Ensuite, nous renseignerons ensemble, lors d&rsquo;un rendez-vous, une fiche d&rsquo;information comprenant tous vos d\u00e9sid\u00e9ratas.<br>Nous pourrons ainsi continuer vers l&rsquo;accompagnement complet pour r\u00e9aliser votre projet jusqu&rsquo;\u00e0 sa concr\u00e9tisation.<br>Une fois tous ces \u00e9l\u00e9ments en ma possession, un d\u00e9lais de 15 jours ouvrables (hors jours f\u00e9ri\u00e9s) est n\u00e9cessaire pour la r\u00e9alisation du dossier.<\/p>\n\n\n\n<h4 class=\"wp-block-heading has-text-align-center has-normal-font-size\">Comiti Concept intervient principalement sur la Gironde &#8211; Nouvelle Aquitaine et exceptionnellement partout en France.<\/h4>\n\n\n\n<p class=\"has-text-align-center has-normal-font-size\">Pour d\u00e9couvrir les <a href=\"https:\/\/www.facebook.com\/profile.php?id=61570026827203&amp;sk=about&amp;locale=fr_FR\">prestations <\/a>qui vous conviennent et qui r\u00e9pondent \u00e0 vos besoins, <em>cliquez<\/em> sur les vignettes ci-dessous.<\/p>\n\n\n\n<div class=\"wp-block-columns is-layout-flex wp-container-core-columns-is-layout-9d6595d7 wp-block-columns-is-layout-flex\">\n<div class=\"wp-block-column is-layout-flow wp-block-column-is-layout-flow\"><div class=\"wp-block-image\">\n<figure class=\"aligncenter size-full\"><img fetchpriority=\"high\" decoding=\"async\" width=\"1366\" height=\"768\" src=\"http:\/\/comiti-concept.fr\/wp-content\/uploads\/2025\/01\/mesures.png\" alt=\"\" class=\"wp-image-406\" srcset=\"https:\/\/comiti-concept.fr\/wp-content\/uploads\/2025\/01\/mesures.png 1366w, https:\/\/comiti-concept.fr\/wp-content\/uploads\/2025\/01\/mesures-600x337.png 600w, https:\/\/comiti-concept.fr\/wp-content\/uploads\/2025\/01\/mesures-300x169.png 300w, https:\/\/comiti-concept.fr\/wp-content\/uploads\/2025\/01\/mesures-1024x576.png 1024w, https:\/\/comiti-concept.fr\/wp-content\/uploads\/2025\/01\/mesures-768x432.png 768w, https:\/\/comiti-concept.fr\/wp-content\/uploads\/2025\/01\/mesures-534x300.png 534w\" sizes=\"(max-width: 1366px) 100vw, 1366px\" \/><\/figure><\/div>\n\n\n<p style=\"font-size:14px\">Je viens sur place pour effectuer une visite de votre logement avec un relev\u00e9 des mesures. Ensuite, je remets au propre les dimensions relev\u00e9es et vous communique un dossier comprenant, le plan, \u00e9l\u00e9vations et perspectives.<\/p>\n\n\n\n<details class=\"wp-block-details has-headings-color has-text-color has-link-color wp-elements-072b815b9d4ee7c974ff2f7619b98427 is-layout-flow wp-block-details-is-layout-flow\" style=\"font-size:26px\"><summary>LE RELEV\u00c9 DE MESURES<\/summary>\n<div class=\"wp-block-buttons is-layout-flex wp-block-buttons-is-layout-flex\">\n<div class=\"wp-block-button has-custom-width wp-block-button__width-50 has-custom-font-size\" style=\"font-size:14px\"><a class=\"wp-block-button__link has-accent-2-background-color has-background wp-element-button\" href=\"https:\/\/comiti-concept.fr\/index.php\/le-releve-de-mesures\/\">En savoir plus&#8230;<\/a><\/div>\n<\/div>\n<\/details>\n<\/div>\n\n\n\n<div class=\"wp-block-column is-layout-flow wp-block-column-is-layout-flow\">\n<figure class=\"wp-block-image size-large\"><img decoding=\"async\" width=\"1024\" height=\"576\" src=\"http:\/\/comiti-concept.fr\/wp-content\/uploads\/2025\/01\/bureau-nuancier-1024x576.png\" alt=\"\" class=\"wp-image-404\" srcset=\"https:\/\/comiti-concept.fr\/wp-content\/uploads\/2025\/01\/bureau-nuancier-1024x576.png 1024w, https:\/\/comiti-concept.fr\/wp-content\/uploads\/2025\/01\/bureau-nuancier-600x337.png 600w, https:\/\/comiti-concept.fr\/wp-content\/uploads\/2025\/01\/bureau-nuancier-300x169.png 300w, https:\/\/comiti-concept.fr\/wp-content\/uploads\/2025\/01\/bureau-nuancier-768x432.png 768w, https:\/\/comiti-concept.fr\/wp-content\/uploads\/2025\/01\/bureau-nuancier-534x300.png 534w, https:\/\/comiti-concept.fr\/wp-content\/uploads\/2025\/01\/bureau-nuancier.png 1366w\" sizes=\"(max-width: 1024px) 100vw, 1024px\" \/><\/figure>\n\n\n\n<details class=\"wp-block-details has-headings-color has-text-color has-link-color wp-elements-45d05d91043a73634ddae59e05358cb4 is-layout-flow wp-block-details-is-layout-flow\" style=\"font-size:26px\"><summary>L&rsquo;\u00c9TUDE<\/summary>\n<p style=\"font-size:14px\">Cette \u00e9tude commence par une visite de votre logement avec un relev\u00e9 des mesures ou sur plans. Nous prenons le temps d\u2019\u00e9changer ensemble afin de bien cerner vos besoins, vos contraintes et vos go\u00fbts. Nous \u00e9tudions ensemble l&rsquo;ambiance g\u00e9n\u00e9rale \u00e0 travers des planches de mati\u00e8res afin de d\u00e9finir la coh\u00e9rence entre les couleurs et les mat\u00e9riaux. Plus tard, afin de vous aider \u00e0 vous projeter une mod\u00e9lisation du projet en 3D vous est pr\u00e9sent\u00e9e. Une aide \u00e0 la recherche de prestataires vous est propos\u00e9e pour vous permettre de rentrer dans le processus de conception.<\/p>\n\n\n\n<div class=\"wp-block-buttons is-layout-flex wp-block-buttons-is-layout-flex\">\n<div class=\"wp-block-button has-custom-width wp-block-button__width-50 has-custom-font-size\" style=\"font-size:14px\"><a class=\"wp-block-button__link has-accent-2-background-color has-background wp-element-button\" href=\"https:\/\/comiti-concept.fr\/index.php\/letude\/\">En savoir plus&#8230;<\/a><\/div>\n<\/div>\n<\/details>\n<\/div>\n\n\n\n<div class=\"wp-block-column is-layout-flow wp-block-column-is-layout-flow\">\n<figure class=\"wp-block-image size-large\"><img decoding=\"async\" width=\"1024\" height=\"576\" src=\"https:\/\/comiti-concept.fr\/wp-content\/uploads\/2025\/01\/matieres-1-1024x576.png\" alt=\"\" class=\"wp-image-407\" srcset=\"https:\/\/comiti-concept.fr\/wp-content\/uploads\/2025\/01\/matieres-1-1024x576.png 1024w, https:\/\/comiti-concept.fr\/wp-content\/uploads\/2025\/01\/matieres-1-600x337.png 600w, https:\/\/comiti-concept.fr\/wp-content\/uploads\/2025\/01\/matieres-1-300x169.png 300w, https:\/\/comiti-concept.fr\/wp-content\/uploads\/2025\/01\/matieres-1-768x432.png 768w, https:\/\/comiti-concept.fr\/wp-content\/uploads\/2025\/01\/matieres-1-534x300.png 534w, https:\/\/comiti-concept.fr\/wp-content\/uploads\/2025\/01\/matieres-1.png 1366w\" sizes=\"(max-width: 1024px) 100vw, 1024px\" \/><\/figure>\n\n\n\n<details class=\"wp-block-details has-headings-color has-text-color has-link-color wp-elements-d5626270c08c9cf7eccafe803339687a is-layout-flow wp-block-details-is-layout-flow\" style=\"font-size:26px\"><summary>L&rsquo;ACCOMPAGNEMENT COMPLET<\/summary>\n<p style=\"font-size:14px\">Un relev\u00e9 de mesures et une \u00e9tude sont r\u00e9alis\u00e9s. La remise du dossier \u00e9tude complet de votre projet est comprise. Je recherche des fournisseurs pour vous permettre d&rsquo;effectuer un estimatif du co\u00fbt des travaux pour le processus de conception. Enfin, je vous \u00e9tablis un retro planning, pour que vous ayez une vision globale de votre projet.<\/p>\n\n\n\n<div class=\"wp-block-buttons is-layout-flex wp-block-buttons-is-layout-flex\">\n<div class=\"wp-block-button has-custom-width wp-block-button__width-50 has-custom-font-size is-style-fill\" style=\"font-size:14px\"><a class=\"wp-block-button__link has-accent-2-background-color has-background wp-element-button\" href=\"https:\/\/comiti-concept.fr\/index.php\/laccompagnement-complet\/\">En savoir plus&#8230;<\/a><\/div>\n<\/div>\n<\/details>\n<\/div>\n<\/div>\n\n\n\n<p><\/p>\n","protected":false},"excerpt":{"rendered":"<p>D\u00e9couvrez les services propos\u00e9s pour une \u00e9tude de projet : Une \u00e9tude de projet peut se faire sur un plan ou d&rsquo;apr\u00e8s un relev\u00e9 de &hellip;<\/p>\n","protected":false},"author":1,"featured_media":0,"parent":0,"menu_order":0,"comment_status":"closed","ping_status":"closed","template":"","meta":{"footnotes":""},"class_list":["post-36","page","type-page","status-publish","hentry"],"yoast_head":"<!-- This site is optimized with the Yoast SEO plugin v25.1 - https:\/\/yoast.com\/wordpress\/plugins\/seo\/ -->\n<title>\u00c9tude de projet -<\/title>\n<meta name=\"description\" content=\"Je vous propose de faire un relev\u00e9 de mesures, une \u00e9tude de projet ou un accompagnement complet. Voir les services propos\u00e9s...\" \/>\n<meta name=\"robots\" content=\"index, follow, max-snippet:-1, max-image-preview:large, max-video-preview:-1\" \/>\n<link rel=\"canonical\" href=\"https:\/\/comiti-concept.fr\/index.php\/etude-de-projet\/\" \/>\n<meta property=\"og:locale\" content=\"fr_FR\" \/>\n<meta property=\"og:type\" content=\"article\" \/>\n<meta property=\"og:title\" content=\"\u00c9tude de projet -\" \/>\n<meta property=\"og:description\" content=\"Je vous propose de faire un relev\u00e9 de mesures, une \u00e9tude de projet ou un accompagnement complet. Voir les services propos\u00e9s...\" \/>\n<meta property=\"og:url\" content=\"https:\/\/comiti-concept.fr\/index.php\/etude-de-projet\/\" \/>\n<meta property=\"article:modified_time\" content=\"2025-02-25T11:00:51+00:00\" \/>\n<meta property=\"og:image\" content=\"http:\/\/comiti-concept.fr\/wp-content\/uploads\/2025\/02\/vue4-1024x576.png\" \/>\n\t<meta property=\"og:image:width\" content=\"1024\" \/>\n\t<meta property=\"og:image:height\" content=\"576\" \/>\n\t<meta property=\"og:image:type\" content=\"image\/png\" \/>\n<meta name=\"twitter:card\" content=\"summary_large_image\" \/>\n<meta name=\"twitter:label1\" content=\"Dur\u00e9e de lecture estim\u00e9e\" \/>\n\t<meta name=\"twitter:data1\" content=\"3 minutes\" \/>\n<script type=\"application\/ld+json\" class=\"yoast-schema-graph\">{\"@context\":\"https:\/\/schema.org\",\"@graph\":[{\"@type\":\"WebPage\",\"@id\":\"https:\/\/comiti-concept.fr\/index.php\/etude-de-projet\/\",\"url\":\"https:\/\/comiti-concept.fr\/index.php\/etude-de-projet\/\",\"name\":\"\u00c9tude de projet -\",\"isPartOf\":{\"@id\":\"https:\/\/comiti-concept.fr\/#website\"},\"primaryImageOfPage\":{\"@id\":\"https:\/\/comiti-concept.fr\/index.php\/etude-de-projet\/#primaryimage\"},\"image\":{\"@id\":\"https:\/\/comiti-concept.fr\/index.php\/etude-de-projet\/#primaryimage\"},\"thumbnailUrl\":\"http:\/\/comiti-concept.fr\/wp-content\/uploads\/2025\/01\/mesures.png\",\"datePublished\":\"2024-11-13T13:18:43+00:00\",\"dateModified\":\"2025-02-25T11:00:51+00:00\",\"description\":\"Je vous propose de faire un relev\u00e9 de mesures, une \u00e9tude de projet ou un accompagnement complet. Voir les services propos\u00e9s...\",\"breadcrumb\":{\"@id\":\"https:\/\/comiti-concept.fr\/index.php\/etude-de-projet\/#breadcrumb\"},\"inLanguage\":\"fr-FR\",\"potentialAction\":[{\"@type\":\"ReadAction\",\"target\":[\"https:\/\/comiti-concept.fr\/index.php\/etude-de-projet\/\"]}]},{\"@type\":\"ImageObject\",\"inLanguage\":\"fr-FR\",\"@id\":\"https:\/\/comiti-concept.fr\/index.php\/etude-de-projet\/#primaryimage\",\"url\":\"https:\/\/comiti-concept.fr\/wp-content\/uploads\/2025\/01\/mesures.png\",\"contentUrl\":\"https:\/\/comiti-concept.fr\/wp-content\/uploads\/2025\/01\/mesures.png\",\"width\":1366,\"height\":768,\"caption\":\"\u00e9tude de projet, plan d'Architect avec outils de mesure type niveau et m\u00e8tre\"},{\"@type\":\"BreadcrumbList\",\"@id\":\"https:\/\/comiti-concept.fr\/index.php\/etude-de-projet\/#breadcrumb\",\"itemListElement\":[{\"@type\":\"ListItem\",\"position\":1,\"name\":\"Accueil\",\"item\":\"https:\/\/comiti-concept.fr\/\"},{\"@type\":\"ListItem\",\"position\":2,\"name\":\"\u00c9tude de projet\"}]},{\"@type\":\"WebSite\",\"@id\":\"https:\/\/comiti-concept.fr\/#website\",\"url\":\"https:\/\/comiti-concept.fr\/\",\"name\":\"\",\"description\":\"Conseils en agencement de cuisines et d\u00e9co d&#039;int\u00e9rieur\",\"potentialAction\":[{\"@type\":\"SearchAction\",\"target\":{\"@type\":\"EntryPoint\",\"urlTemplate\":\"https:\/\/comiti-concept.fr\/?s={search_term_string}\"},\"query-input\":{\"@type\":\"PropertyValueSpecification\",\"valueRequired\":true,\"valueName\":\"search_term_string\"}}],\"inLanguage\":\"fr-FR\"}]}<\/script>\n<!-- \/ Yoast SEO plugin. -->","yoast_head_json":{"title":"\u00c9tude de projet -","description":"Je vous propose de faire un relev\u00e9 de mesures, une \u00e9tude de projet ou un accompagnement complet. Voir les services propos\u00e9s...","robots":{"index":"index","follow":"follow","max-snippet":"max-snippet:-1","max-image-preview":"max-image-preview:large","max-video-preview":"max-video-preview:-1"},"canonical":"https:\/\/comiti-concept.fr\/index.php\/etude-de-projet\/","og_locale":"fr_FR","og_type":"article","og_title":"\u00c9tude de projet -","og_description":"Je vous propose de faire un relev\u00e9 de mesures, une \u00e9tude de projet ou un accompagnement complet. Voir les services propos\u00e9s...","og_url":"https:\/\/comiti-concept.fr\/index.php\/etude-de-projet\/","article_modified_time":"2025-02-25T11:00:51+00:00","og_image":[{"width":1024,"height":576,"url":"http:\/\/comiti-concept.fr\/wp-content\/uploads\/2025\/02\/vue4-1024x576.png","type":"image\/png"}],"twitter_card":"summary_large_image","twitter_misc":{"Dur\u00e9e de lecture estim\u00e9e":"3 minutes"},"schema":{"@context":"https:\/\/schema.org","@graph":[{"@type":"WebPage","@id":"https:\/\/comiti-concept.fr\/index.php\/etude-de-projet\/","url":"https:\/\/comiti-concept.fr\/index.php\/etude-de-projet\/","name":"\u00c9tude de projet -","isPartOf":{"@id":"https:\/\/comiti-concept.fr\/#website"},"primaryImageOfPage":{"@id":"https:\/\/comiti-concept.fr\/index.php\/etude-de-projet\/#primaryimage"},"image":{"@id":"https:\/\/comiti-concept.fr\/index.php\/etude-de-projet\/#primaryimage"},"thumbnailUrl":"http:\/\/comiti-concept.fr\/wp-content\/uploads\/2025\/01\/mesures.png","datePublished":"2024-11-13T13:18:43+00:00","dateModified":"2025-02-25T11:00:51+00:00","description":"Je vous propose de faire un relev\u00e9 de mesures, une \u00e9tude de projet ou un accompagnement complet. Voir les services propos\u00e9s...","breadcrumb":{"@id":"https:\/\/comiti-concept.fr\/index.php\/etude-de-projet\/#breadcrumb"},"inLanguage":"fr-FR","potentialAction":[{"@type":"ReadAction","target":["https:\/\/comiti-concept.fr\/index.php\/etude-de-projet\/"]}]},{"@type":"ImageObject","inLanguage":"fr-FR","@id":"https:\/\/comiti-concept.fr\/index.php\/etude-de-projet\/#primaryimage","url":"https:\/\/comiti-concept.fr\/wp-content\/uploads\/2025\/01\/mesures.png","contentUrl":"https:\/\/comiti-concept.fr\/wp-content\/uploads\/2025\/01\/mesures.png","width":1366,"height":768,"caption":"\u00e9tude de projet, plan d'Architect avec outils de mesure type niveau et m\u00e8tre"},{"@type":"BreadcrumbList","@id":"https:\/\/comiti-concept.fr\/index.php\/etude-de-projet\/#breadcrumb","itemListElement":[{"@type":"ListItem","position":1,"name":"Accueil","item":"https:\/\/comiti-concept.fr\/"},{"@type":"ListItem","position":2,"name":"\u00c9tude de projet"}]},{"@type":"WebSite","@id":"https:\/\/comiti-concept.fr\/#website","url":"https:\/\/comiti-concept.fr\/","name":"","description":"Conseils en agencement de cuisines et d\u00e9co d&#039;int\u00e9rieur","potentialAction":[{"@type":"SearchAction","target":{"@type":"EntryPoint","urlTemplate":"https:\/\/comiti-concept.fr\/?s={search_term_string}"},"query-input":{"@type":"PropertyValueSpecification","valueRequired":true,"valueName":"search_term_string"}}],"inLanguage":"fr-FR"}]}},"rttpg_featured_image_url":null,"rttpg_author":{"display_name":"admin8176","author_link":"https:\/\/comiti-concept.fr\/index.php\/author\/admin8176\/"},"rttpg_comment":0,"rttpg_category":null,"rttpg_excerpt":"D\u00e9couvrez les services propos\u00e9s pour une \u00e9tude de projet : Une \u00e9tude de projet peut se faire sur un plan ou d&rsquo;apr\u00e8s un relev\u00e9 de &hellip;","_links":{"self":[{"href":"https:\/\/comiti-concept.fr\/index.php\/wp-json\/wp\/v2\/pages\/36","targetHints":{"allow":["GET"]}}],"collection":[{"href":"https:\/\/comiti-concept.fr\/index.php\/wp-json\/wp\/v2\/pages"}],"about":[{"href":"https:\/\/comiti-concept.fr\/index.php\/wp-json\/wp\/v2\/types\/page"}],"author":[{"embeddable":true,"href":"https:\/\/comiti-concept.fr\/index.php\/wp-json\/wp\/v2\/users\/1"}],"replies":[{"embeddable":true,"href":"https:\/\/comiti-concept.fr\/index.php\/wp-json\/wp\/v2\/comments?post=36"}],"version-history":[{"count":53,"href":"https:\/\/comiti-concept.fr\/index.php\/wp-json\/wp\/v2\/pages\/36\/revisions"}],"predecessor-version":[{"id":670,"href":"https:\/\/comiti-concept.fr\/index.php\/wp-json\/wp\/v2\/pages\/36\/revisions\/670"}],"wp:attachment":[{"href":"https:\/\/comiti-concept.fr\/index.php\/wp-json\/wp\/v2\/media?parent=36"}],"curies":[{"name":"wp","href":"https:\/\/api.w.org\/{rel}","templated":true}]}}