{"id":29,"date":"2024-11-13T14:07:48","date_gmt":"2024-11-13T13:07:48","guid":{"rendered":"https:\/\/comiti-concept.fr\/?page_id=29"},"modified":"2025-02-25T12:05:57","modified_gmt":"2025-02-25T11:05:57","slug":"agenceur-et-decorateur-dinterieur","status":"publish","type":"page","link":"https:\/\/comiti-concept.fr\/index.php\/agenceur-et-decorateur-dinterieur\/","title":{"rendered":"Pr\u00e9sentation"},"content":{"rendered":"\n<h2 class=\"wp-block-heading\"><strong>Agenceur et d\u00e9corateur d&rsquo;int\u00e9rieur,<\/strong>\u00a0j&rsquo;aime beaucoup la citation de Victor Hugo. \u00ab\u00a0<em>Je m&rsquo;int\u00e9resse fort au progr\u00e8s que peut faire cette petite architecture int\u00e9rieure qu&rsquo;on appelle l&rsquo;ameublement\u00a0\u00bb.<\/em><\/h2>\n\n\n\n<p>Apr\u00e8s mes \u00e9tudes de <strong>menuisier<\/strong> et dipl\u00f4m\u00e9 de <strong><a data-type=\"link\" data-id=\"https:\/\/ecole-boulle.org\/\" href=\"https:\/\/ecole-boulle.org\/\">l\u2019\u00c9cole BOULLE<\/a><\/strong> en agencement d&rsquo;int\u00e9rieur, je me suis sp\u00e9cialis\u00e9 dans la cuisine, salle de bain, dressing, etc&#8230;<br>Depuis 1998, j\u2019ai acquis une grande exp\u00e9rience dans la <strong><a href=\"https:\/\/comiti-concept.fr\/index.php\/galerie\/\">d\u00e9coration et l\u2019agencement d\u2019int\u00e9rieur<\/a><\/strong>. J&rsquo;ai travaill\u00e9 avec les marques les plus prestigieuses comme les plus modestes. Je serai \u00e0 m\u00eame de vous conseiller au mieux parmi les diff\u00e9rents fabricants pr\u00e9sents aujourd&rsquo;hui sur le march\u00e9. <br>Le home staging 3d (mise en sc\u00e8ne virtuelle) est ma sp\u00e9cialit\u00e9. C&rsquo;est un outil formidable qui vous permet de vous projeter de fa\u00e7on concr\u00e8te dans votre futur int\u00e9rieur. Avec le rendu 360\u00b0 c&rsquo;est encore plus immersif ! <\/p>\n\n\n\n<p>En tant qu&rsquo;agenceur et habitu\u00e9 aux chantiers, je cr\u00e9e des visuels r\u00e9alistes de fa\u00e7on \u00e0 pouvoir les concr\u00e9tiser. Ce ne sont pas que de belles photos. Beaucoup d&rsquo;agences immobili\u00e8res font appel \u00e0 cette prestation pour aider leurs clients \u00e0 se projeter sur un bien. Sans ce travail, il serait plus difficile \u00e0 vendre.<\/p>\n\n\n\n<p><strong>Comiti Concept<\/strong>, situ\u00e9 \u00e0 Salles (33770) en Gironde travaille en \u00e9troite collaboration avec des architectes. Mais elle travaille aussi avec des artisans et partenaires locaux afin de vous proposer une prestation cl\u00e9 en main. Pour vous accompagner dans vos futurs projets, je vous propose un concept compos\u00e9 de <a href=\"https:\/\/comiti-concept.fr\/\">plusieurs prestations<\/a>.<\/p>\n\n\n\n<p class=\"has-text-align-left\"><strong>Le m\u00e9tier d&rsquo;agenceur et d\u00e9corateur d&rsquo;int\u00e9rieur, c&rsquo;est quoi exactement?<\/strong><br>Le m\u00e9tier d&rsquo;agenceur d\u00e9corateur consiste \u00e0 am\u00e9nager les espaces. L&rsquo;objectif est d&rsquo;optimiser ces derniers, tout en tenant compte de la d\u00e9coration selon les envies des clients. Les normes de s\u00e9curit\u00e9s, techniques et d&rsquo;ergonomie en vigueur sont prises en compte \u00e9galement.<\/p>\n\n\n\n<p>Pour vous faire <strong>gagner du temps<\/strong>, Comiti Concept prend en charge toutes les <strong>\u00e9tudes de projets, plans<\/strong>, suivis de chantier. Mais \u00e9galement les recherches de prestataires et d&rsquo;artisan.<\/p>\n\n\n\n<p><\/p>\n\n\n\n<div class=\"wp-block-columns alignwide is-layout-flex wp-container-core-columns-is-layout-9d6595d7 wp-block-columns-is-layout-flex\">\n<div class=\"wp-block-column is-layout-flow wp-block-column-is-layout-flow\" style=\"flex-basis:100%\">\n<p class=\"has-text-align-center\"><strong>C\u00e9dric Templ\u00e9&nbsp;<\/strong><\/p>\n\n\n\n<p class=\"has-sitebg-color has-text-color has-link-color wp-elements-6a22f1cef5a767159fc2270c914f1626\"><\/p>\n<\/div>\n<\/div>\n\n\n\n<p><\/p>\n","protected":false},"excerpt":{"rendered":"<p>Agenceur et d\u00e9corateur d&rsquo;int\u00e9rieur,\u00a0j&rsquo;aime beaucoup la citation de Victor Hugo. \u00ab\u00a0Je m&rsquo;int\u00e9resse fort au progr\u00e8s que peut faire cette petite architecture int\u00e9rieure qu&rsquo;on appelle l&rsquo;ameublement\u00a0\u00bb. &hellip;<\/p>\n","protected":false},"author":1,"featured_media":759,"parent":0,"menu_order":1,"comment_status":"closed","ping_status":"closed","template":"","meta":{"footnotes":""},"class_list":["post-29","page","type-page","status-publish","has-post-thumbnail","hentry"],"yoast_head":"<!-- This site is optimized with the Yoast SEO plugin v25.1 - https:\/\/yoast.com\/wordpress\/plugins\/seo\/ -->\n<title>Pr\u00e9sentation -<\/title>\n<meta name=\"description\" content=\"Agenceur et d\u00e9corateur d&#039;int\u00e9rieur situ\u00e9 \u00e0 Salles dans le Val de l&#039;Eyre, propose des \u00e9tudes de projet et un accompagnement personnalis\u00e9.\" \/>\n<meta name=\"robots\" content=\"index, follow, max-snippet:-1, max-image-preview:large, max-video-preview:-1\" \/>\n<link rel=\"canonical\" href=\"https:\/\/comiti-concept.fr\/index.php\/agenceur-et-decorateur-dinterieur\/\" \/>\n<meta property=\"og:locale\" content=\"fr_FR\" \/>\n<meta property=\"og:type\" content=\"article\" \/>\n<meta property=\"og:title\" content=\"Pr\u00e9sentation -\" \/>\n<meta property=\"og:description\" content=\"Agenceur et d\u00e9corateur d&#039;int\u00e9rieur situ\u00e9 \u00e0 Salles dans le Val de l&#039;Eyre, propose des \u00e9tudes de projet et un accompagnement personnalis\u00e9.\" \/>\n<meta property=\"og:url\" content=\"https:\/\/comiti-concept.fr\/index.php\/agenceur-et-decorateur-dinterieur\/\" \/>\n<meta property=\"article:modified_time\" content=\"2025-02-25T11:05:57+00:00\" \/>\n<meta property=\"og:image\" content=\"http:\/\/comiti-concept.fr\/wp-content\/uploads\/2025\/02\/vue4v2jj.jpg\" \/>\n\t<meta property=\"og:image:width\" content=\"1920\" \/>\n\t<meta property=\"og:image:height\" content=\"1080\" \/>\n\t<meta property=\"og:image:type\" content=\"image\/jpeg\" \/>\n<meta name=\"twitter:card\" content=\"summary_large_image\" \/>\n<meta name=\"twitter:label1\" content=\"Dur\u00e9e de lecture estim\u00e9e\" \/>\n\t<meta name=\"twitter:data1\" content=\"2 minutes\" \/>\n<script type=\"application\/ld+json\" class=\"yoast-schema-graph\">{\"@context\":\"https:\/\/schema.org\",\"@graph\":[{\"@type\":\"WebPage\",\"@id\":\"https:\/\/comiti-concept.fr\/index.php\/agenceur-et-decorateur-dinterieur\/\",\"url\":\"https:\/\/comiti-concept.fr\/index.php\/agenceur-et-decorateur-dinterieur\/\",\"name\":\"Pr\u00e9sentation -\",\"isPartOf\":{\"@id\":\"https:\/\/comiti-concept.fr\/#website\"},\"primaryImageOfPage\":{\"@id\":\"https:\/\/comiti-concept.fr\/index.php\/agenceur-et-decorateur-dinterieur\/#primaryimage\"},\"image\":{\"@id\":\"https:\/\/comiti-concept.fr\/index.php\/agenceur-et-decorateur-dinterieur\/#primaryimage\"},\"thumbnailUrl\":\"https:\/\/comiti-concept.fr\/wp-content\/uploads\/2025\/02\/vue4v2jj.jpg\",\"datePublished\":\"2024-11-13T13:07:48+00:00\",\"dateModified\":\"2025-02-25T11:05:57+00:00\",\"description\":\"Agenceur et d\u00e9corateur d'int\u00e9rieur situ\u00e9 \u00e0 Salles dans le Val de l'Eyre, propose des \u00e9tudes de projet et un accompagnement personnalis\u00e9.\",\"breadcrumb\":{\"@id\":\"https:\/\/comiti-concept.fr\/index.php\/agenceur-et-decorateur-dinterieur\/#breadcrumb\"},\"inLanguage\":\"fr-FR\",\"potentialAction\":[{\"@type\":\"ReadAction\",\"target\":[\"https:\/\/comiti-concept.fr\/index.php\/agenceur-et-decorateur-dinterieur\/\"]}]},{\"@type\":\"ImageObject\",\"inLanguage\":\"fr-FR\",\"@id\":\"https:\/\/comiti-concept.fr\/index.php\/agenceur-et-decorateur-dinterieur\/#primaryimage\",\"url\":\"https:\/\/comiti-concept.fr\/wp-content\/uploads\/2025\/02\/vue4v2jj.jpg\",\"contentUrl\":\"https:\/\/comiti-concept.fr\/wp-content\/uploads\/2025\/02\/vue4v2jj.jpg\",\"width\":1920,\"height\":1080},{\"@type\":\"BreadcrumbList\",\"@id\":\"https:\/\/comiti-concept.fr\/index.php\/agenceur-et-decorateur-dinterieur\/#breadcrumb\",\"itemListElement\":[{\"@type\":\"ListItem\",\"position\":1,\"name\":\"Accueil\",\"item\":\"https:\/\/comiti-concept.fr\/\"},{\"@type\":\"ListItem\",\"position\":2,\"name\":\"Pr\u00e9sentation\"}]},{\"@type\":\"WebSite\",\"@id\":\"https:\/\/comiti-concept.fr\/#website\",\"url\":\"https:\/\/comiti-concept.fr\/\",\"name\":\"\",\"description\":\"Conseils en agencement de cuisines et d\u00e9co d&#039;int\u00e9rieur\",\"potentialAction\":[{\"@type\":\"SearchAction\",\"target\":{\"@type\":\"EntryPoint\",\"urlTemplate\":\"https:\/\/comiti-concept.fr\/?s={search_term_string}\"},\"query-input\":{\"@type\":\"PropertyValueSpecification\",\"valueRequired\":true,\"valueName\":\"search_term_string\"}}],\"inLanguage\":\"fr-FR\"}]}<\/script>\n<!-- \/ Yoast SEO plugin. -->","yoast_head_json":{"title":"Pr\u00e9sentation -","description":"Agenceur et d\u00e9corateur d'int\u00e9rieur situ\u00e9 \u00e0 Salles dans le Val de l'Eyre, propose des \u00e9tudes de projet et un accompagnement personnalis\u00e9.","robots":{"index":"index","follow":"follow","max-snippet":"max-snippet:-1","max-image-preview":"max-image-preview:large","max-video-preview":"max-video-preview:-1"},"canonical":"https:\/\/comiti-concept.fr\/index.php\/agenceur-et-decorateur-dinterieur\/","og_locale":"fr_FR","og_type":"article","og_title":"Pr\u00e9sentation -","og_description":"Agenceur et d\u00e9corateur d'int\u00e9rieur situ\u00e9 \u00e0 Salles dans le Val de l'Eyre, propose des \u00e9tudes de projet et un accompagnement personnalis\u00e9.","og_url":"https:\/\/comiti-concept.fr\/index.php\/agenceur-et-decorateur-dinterieur\/","article_modified_time":"2025-02-25T11:05:57+00:00","og_image":[{"width":1920,"height":1080,"url":"http:\/\/comiti-concept.fr\/wp-content\/uploads\/2025\/02\/vue4v2jj.jpg","type":"image\/jpeg"}],"twitter_card":"summary_large_image","twitter_misc":{"Dur\u00e9e de lecture estim\u00e9e":"2 minutes"},"schema":{"@context":"https:\/\/schema.org","@graph":[{"@type":"WebPage","@id":"https:\/\/comiti-concept.fr\/index.php\/agenceur-et-decorateur-dinterieur\/","url":"https:\/\/comiti-concept.fr\/index.php\/agenceur-et-decorateur-dinterieur\/","name":"Pr\u00e9sentation -","isPartOf":{"@id":"https:\/\/comiti-concept.fr\/#website"},"primaryImageOfPage":{"@id":"https:\/\/comiti-concept.fr\/index.php\/agenceur-et-decorateur-dinterieur\/#primaryimage"},"image":{"@id":"https:\/\/comiti-concept.fr\/index.php\/agenceur-et-decorateur-dinterieur\/#primaryimage"},"thumbnailUrl":"https:\/\/comiti-concept.fr\/wp-content\/uploads\/2025\/02\/vue4v2jj.jpg","datePublished":"2024-11-13T13:07:48+00:00","dateModified":"2025-02-25T11:05:57+00:00","description":"Agenceur et d\u00e9corateur d'int\u00e9rieur situ\u00e9 \u00e0 Salles dans le Val de l'Eyre, propose des \u00e9tudes de projet et un accompagnement personnalis\u00e9.","breadcrumb":{"@id":"https:\/\/comiti-concept.fr\/index.php\/agenceur-et-decorateur-dinterieur\/#breadcrumb"},"inLanguage":"fr-FR","potentialAction":[{"@type":"ReadAction","target":["https:\/\/comiti-concept.fr\/index.php\/agenceur-et-decorateur-dinterieur\/"]}]},{"@type":"ImageObject","inLanguage":"fr-FR","@id":"https:\/\/comiti-concept.fr\/index.php\/agenceur-et-decorateur-dinterieur\/#primaryimage","url":"https:\/\/comiti-concept.fr\/wp-content\/uploads\/2025\/02\/vue4v2jj.jpg","contentUrl":"https:\/\/comiti-concept.fr\/wp-content\/uploads\/2025\/02\/vue4v2jj.jpg","width":1920,"height":1080},{"@type":"BreadcrumbList","@id":"https:\/\/comiti-concept.fr\/index.php\/agenceur-et-decorateur-dinterieur\/#breadcrumb","itemListElement":[{"@type":"ListItem","position":1,"name":"Accueil","item":"https:\/\/comiti-concept.fr\/"},{"@type":"ListItem","position":2,"name":"Pr\u00e9sentation"}]},{"@type":"WebSite","@id":"https:\/\/comiti-concept.fr\/#website","url":"https:\/\/comiti-concept.fr\/","name":"","description":"Conseils en agencement de cuisines et d\u00e9co d&#039;int\u00e9rieur","potentialAction":[{"@type":"SearchAction","target":{"@type":"EntryPoint","urlTemplate":"https:\/\/comiti-concept.fr\/?s={search_term_string}"},"query-input":{"@type":"PropertyValueSpecification","valueRequired":true,"valueName":"search_term_string"}}],"inLanguage":"fr-FR"}]}},"rttpg_featured_image_url":{"full":["https:\/\/comiti-concept.fr\/wp-content\/uploads\/2025\/02\/vue4v2jj.jpg",1920,1080,false],"landscape":["https:\/\/comiti-concept.fr\/wp-content\/uploads\/2025\/02\/vue4v2jj.jpg",1920,1080,false],"portraits":["https:\/\/comiti-concept.fr\/wp-content\/uploads\/2025\/02\/vue4v2jj.jpg",1920,1080,false],"thumbnail":["https:\/\/comiti-concept.fr\/wp-content\/uploads\/2025\/02\/vue4v2jj-150x150.jpg",150,150,true],"medium":["https:\/\/comiti-concept.fr\/wp-content\/uploads\/2025\/02\/vue4v2jj-300x169.jpg",300,169,true],"large":["https:\/\/comiti-concept.fr\/wp-content\/uploads\/2025\/02\/vue4v2jj-1024x576.jpg",1024,576,true],"1536x1536":["https:\/\/comiti-concept.fr\/wp-content\/uploads\/2025\/02\/vue4v2jj-1536x864.jpg",1536,864,true],"2048x2048":["https:\/\/comiti-concept.fr\/wp-content\/uploads\/2025\/02\/vue4v2jj.jpg",1920,1080,false],"post-thumbnail":["https:\/\/comiti-concept.fr\/wp-content\/uploads\/2025\/02\/vue4v2jj-533x300.jpg",533,300,true],"bravada-featured":["https:\/\/comiti-concept.fr\/wp-content\/uploads\/2025\/02\/vue4v2jj-903x300.jpg",903,300,true],"bravada-featured-lp":["https:\/\/comiti-concept.fr\/wp-content\/uploads\/2025\/02\/vue4v2jj-960x300.jpg",960,300,true],"bravada-featured-half":["https:\/\/comiti-concept.fr\/wp-content\/uploads\/2025\/02\/vue4v2jj-800x300.jpg",800,300,true],"bravada-featured-third":["https:\/\/comiti-concept.fr\/wp-content\/uploads\/2025\/02\/vue4v2jj-512x300.jpg",512,300,true],"bravada-lpbox-1":["https:\/\/comiti-concept.fr\/wp-content\/uploads\/2025\/02\/vue4v2jj.jpg",1920,1080,false],"bravada-lpbox-2":["https:\/\/comiti-concept.fr\/wp-content\/uploads\/2025\/02\/vue4v2jj-960x600.jpg",960,600,true],"woocommerce_thumbnail":["https:\/\/comiti-concept.fr\/wp-content\/uploads\/2025\/02\/vue4v2jj-300x300.jpg",300,300,true],"woocommerce_single":["https:\/\/comiti-concept.fr\/wp-content\/uploads\/2025\/02\/vue4v2jj-600x338.jpg",600,338,true],"woocommerce_gallery_thumbnail":["https:\/\/comiti-concept.fr\/wp-content\/uploads\/2025\/02\/vue4v2jj-100x100.jpg",100,100,true]},"rttpg_author":{"display_name":"admin8176","author_link":"https:\/\/comiti-concept.fr\/index.php\/author\/admin8176\/"},"rttpg_comment":0,"rttpg_category":null,"rttpg_excerpt":"Agenceur et d\u00e9corateur d&rsquo;int\u00e9rieur,\u00a0j&rsquo;aime beaucoup la citation de Victor Hugo. \u00ab\u00a0Je m&rsquo;int\u00e9resse fort au progr\u00e8s que peut faire cette petite architecture int\u00e9rieure qu&rsquo;on appelle l&rsquo;ameublement\u00a0\u00bb. &hellip;","_links":{"self":[{"href":"https:\/\/comiti-concept.fr\/index.php\/wp-json\/wp\/v2\/pages\/29","targetHints":{"allow":["GET"]}}],"collection":[{"href":"https:\/\/comiti-concept.fr\/index.php\/wp-json\/wp\/v2\/pages"}],"about":[{"href":"https:\/\/comiti-concept.fr\/index.php\/wp-json\/wp\/v2\/types\/page"}],"author":[{"embeddable":true,"href":"https:\/\/comiti-concept.fr\/index.php\/wp-json\/wp\/v2\/users\/1"}],"replies":[{"embeddable":true,"href":"https:\/\/comiti-concept.fr\/index.php\/wp-json\/wp\/v2\/comments?post=29"}],"version-history":[{"count":16,"href":"https:\/\/comiti-concept.fr\/index.php\/wp-json\/wp\/v2\/pages\/29\/revisions"}],"predecessor-version":[{"id":655,"href":"https:\/\/comiti-concept.fr\/index.php\/wp-json\/wp\/v2\/pages\/29\/revisions\/655"}],"wp:featuredmedia":[{"embeddable":true,"href":"https:\/\/comiti-concept.fr\/index.php\/wp-json\/wp\/v2\/media\/759"}],"wp:attachment":[{"href":"https:\/\/comiti-concept.fr\/index.php\/wp-json\/wp\/v2\/media?parent=29"}],"curies":[{"name":"wp","href":"https:\/\/api.w.org\/{rel}","templated":true}]}}