{"id":25,"date":"2024-11-13T14:07:04","date_gmt":"2024-11-13T13:07:04","guid":{"rendered":"https:\/\/comiti-concept.fr\/?page_id=25"},"modified":"2024-11-21T15:35:37","modified_gmt":"2024-11-21T14:35:37","slug":"devis-contact","status":"publish","type":"page","link":"https:\/\/comiti-concept.fr\/index.php\/devis-contact\/","title":{"rendered":"Contact"},"content":{"rendered":"\n<p>En tant que concepteur-agenceur j&rsquo;interviens \u00e0 votre domicile pour vous conseiller et vous accompagner dans tous vos projets d&rsquo;am\u00e9nagement d&rsquo;int\u00e9rieur. Nous allons, ensemble, concevoir votre projet au gr\u00e8s de vos besoins et en fonction de votre budget.<\/p>\n\n\n\n<div class=\"wp-block-media-text alignwide is-stacked-on-mobile is-vertically-aligned-top\"><figure class=\"wp-block-media-text__media\"><img fetchpriority=\"high\" decoding=\"async\" width=\"683\" height=\"1024\" src=\"https:\/\/comiti-concept.fr\/wp-content\/uploads\/2024\/11\/young-handsome-man-working-his-office-683x1024.jpg\" alt=\"\" class=\"wp-image-189 size-full\" srcset=\"https:\/\/comiti-concept.fr\/wp-content\/uploads\/2024\/11\/young-handsome-man-working-his-office-683x1024.jpg 683w, https:\/\/comiti-concept.fr\/wp-content\/uploads\/2024\/11\/young-handsome-man-working-his-office-scaled-600x900.jpg 600w, https:\/\/comiti-concept.fr\/wp-content\/uploads\/2024\/11\/young-handsome-man-working-his-office-200x300.jpg 200w, https:\/\/comiti-concept.fr\/wp-content\/uploads\/2024\/11\/young-handsome-man-working-his-office-768x1152.jpg 768w, https:\/\/comiti-concept.fr\/wp-content\/uploads\/2024\/11\/young-handsome-man-working-his-office-1024x1536.jpg 1024w, https:\/\/comiti-concept.fr\/wp-content\/uploads\/2024\/11\/young-handsome-man-working-his-office-1365x2048.jpg 1365w, https:\/\/comiti-concept.fr\/wp-content\/uploads\/2024\/11\/young-handsome-man-working-his-office-scaled.jpg 1707w\" sizes=\"(max-width: 683px) 100vw, 683px\" \/><\/figure><div class=\"wp-block-media-text__content\">\n<p><strong>Du Lundi au Vendredi :<\/strong><br>De 09:30 \u00e0 12:30 \u2013 14:00 \u00e0 18:00<br>Disponible en dehors de ces horaires sur rdv<\/p>\n\n\n\n<p><\/p>\n\n\n<div class=\"frm_forms  with_frm_style frm_style_style-formidable\" id=\"frm_form_1_container\" >\n<form enctype=\"multipart\/form-data\" method=\"post\" class=\"frm-show-form \" id=\"form_contact-form\" >\n<div class=\"frm_form_fields \">\n<fieldset>\n<legend class=\"frm_screen_reader\">Mail Site web COMITI CONCEPT<\/legend>\r\n\r\n<div class=\"frm_fields_container\">\n<input type=\"hidden\" name=\"frm_action\" value=\"create\" \/>\n<input type=\"hidden\" name=\"form_id\" value=\"1\" \/>\n<input type=\"hidden\" name=\"frm_hide_fields_1\" id=\"frm_hide_fields_1\" value=\"\" \/>\n<input type=\"hidden\" name=\"form_key\" value=\"contact-form\" \/>\n<input type=\"hidden\" name=\"item_meta[0]\" value=\"\" \/>\n<input type=\"hidden\" id=\"frm_submit_entry_1\" name=\"frm_submit_entry_1\" value=\"8c0a4d8754\" \/><input type=\"hidden\" name=\"_wp_http_referer\" value=\"\/index.php\/wp-json\/wp\/v2\/pages\/25\" \/><div id=\"frm_field_1_container\" class=\"frm_form_field form-field  frm_required_field frm_top_container frm_first frm_half\">\r\n\t<label for=\"field_qh4icy\" id=\"field_qh4icy_label\" class=\"frm_primary_label\">Pr\u00e9nom\r\n\t\t<span class=\"frm_required\" aria-hidden=\"true\">*<\/span>\r\n\t<\/label>\r\n\t<input type=\"text\" id=\"field_qh4icy\" name=\"item_meta[1]\" value=\"\"  data-reqmsg=\"Pr\u00e9nom ne peut pas \u00eatre vide.\" aria-required=\"true\" data-invmsg=\"Pr\u00e9nom est non valide\" aria-invalid=\"false\"   aria-describedby=\"frm_desc_field_qh4icy\"\/>\r\n\t<div class=\"frm_description\" id=\"frm_desc_field_qh4icy\">First<\/div>\r\n\t\r\n<\/div>\n<div id=\"frm_field_2_container\" class=\"frm_form_field form-field  frm_required_field frm_hidden_container frm_half\">\r\n\t<label for=\"field_ocfup1\" id=\"field_ocfup1_label\" class=\"frm_primary_label\">Nom\r\n\t\t<span class=\"frm_required\" aria-hidden=\"true\">*<\/span>\r\n\t<\/label>\r\n\t<input type=\"text\" id=\"field_ocfup1\" name=\"item_meta[2]\" value=\"\"  data-reqmsg=\"Nom ne peut pas \u00eatre vide.\" aria-required=\"true\" data-invmsg=\"Nom est non valide\" aria-invalid=\"false\"   aria-describedby=\"frm_desc_field_ocfup1\"\/>\r\n\t<div class=\"frm_description\" id=\"frm_desc_field_ocfup1\">Last<\/div>\r\n\t\r\n<\/div>\n<div id=\"frm_field_3_container\" class=\"frm_form_field form-field  frm_required_field frm_top_container frm_full\">\r\n\t<label for=\"field_29yf4d\" id=\"field_29yf4d_label\" class=\"frm_primary_label\">Email\r\n\t\t<span class=\"frm_required\" aria-hidden=\"true\">*<\/span>\r\n\t<\/label>\r\n\t<input type=\"email\" id=\"field_29yf4d\" name=\"item_meta[3]\" value=\"\"  data-reqmsg=\"Email ne peut pas \u00eatre vide.\" aria-required=\"true\" data-invmsg=\"Please enter a valid email address\" aria-invalid=\"false\"  \/>\r\n\t\r\n\t\r\n<\/div>\n<div id=\"frm_field_4_container\" class=\"frm_form_field form-field  frm_required_field frm_top_container frm_full\">\r\n\t<label for=\"field_e6lis6\" id=\"field_e6lis6_label\" class=\"frm_primary_label\">objet\r\n\t\t<span class=\"frm_required\" aria-hidden=\"true\">*<\/span>\r\n\t<\/label>\r\n\t<input type=\"text\" id=\"field_e6lis6\" name=\"item_meta[4]\" value=\"\"  data-reqmsg=\"objet ne peut pas \u00eatre vide.\" aria-required=\"true\" data-invmsg=\"objet est non valide\" aria-invalid=\"false\"  \/>\r\n\t\r\n\t\r\n<\/div>\n<div id=\"frm_field_5_container\" class=\"frm_form_field form-field  frm_required_field frm_top_container frm_full\">\r\n\t<label for=\"field_9jv0r1\" id=\"field_9jv0r1_label\" class=\"frm_primary_label\">Message\r\n\t\t<span class=\"frm_required\" aria-hidden=\"true\">*<\/span>\r\n\t<\/label>\r\n\t<textarea name=\"item_meta[5]\" id=\"field_9jv0r1\" rows=\"5\"  data-reqmsg=\"Message ne peut pas \u00eatre vide.\" aria-required=\"true\" data-invmsg=\"Message est non valide\" aria-invalid=\"false\"  ><\/textarea>\r\n\t\r\n\t\r\n<\/div>\n<div id=\"frm_field_7_container\" class=\"frm_form_field form-field  frm_none_container\">\r\n\t<label for=\"g-recaptcha-response\" id=\"field_n9egu_label\" class=\"frm_primary_label\">Captcha\r\n\t\t<span class=\"frm_required\" aria-hidden=\"true\"><\/span>\r\n\t<\/label>\r\n\t<div  id=\"field_n9egu\" class=\"frm-g-recaptcha\" data-sitekey=\"6Lf124MqAAAAACaemDIprNWwxjEu09ehJyGY3Kv9\" data-size=\"invisible\" data-theme=\"light\"><\/div>\r\n\t\r\n\t\r\n<\/div>\n<div id=\"frm_field_6_container\" class=\"frm_form_field form-field \">\r\n\t<div class=\"frm_submit frm_flex\">\r\n<button class=\"frm_button_submit\" type=\"submit\"  >Envoyer<\/button>\r\n\r\n\r\n\r\n<\/div>\r\n<\/div>\n\t<input type=\"hidden\" name=\"item_key\" value=\"\" \/>\n\t\t\t<div id=\"frm_field_8_container\">\n\t\t\t<label for=\"field_v6vkx\" >\n\t\t\t\tSi vous \u00eates un humain, ne remplissez pas ce champ.\t\t\t<\/label>\n\t\t\t<input  id=\"field_v6vkx\" type=\"text\" class=\"frm_form_field form-field frm_verify\" name=\"item_meta[8]\" value=\"\"  \/>\n\t\t<\/div>\n\t\t<input name=\"frm_state\" type=\"hidden\" value=\"bYoSTi0Lu6lUZpX2Uw8XuPN8bAAaFayV6v\/7NYw0vN0=\" \/><\/div>\n<\/fieldset>\n<\/div>\n\n<\/form>\n<\/div>\n\n\n\n\n<p><\/p>\n\n\n\n<p><\/p>\n<\/div><\/div>\n","protected":false},"excerpt":{"rendered":"<p>En tant que concepteur-agenceur j&rsquo;interviens \u00e0 votre domicile pour vous conseiller et vous accompagner dans tous vos projets d&rsquo;am\u00e9nagement d&rsquo;int\u00e9rieur. Nous allons, ensemble, concevoir votre &hellip;<\/p>\n","protected":false},"author":1,"featured_media":339,"parent":0,"menu_order":0,"comment_status":"closed","ping_status":"closed","template":"","meta":{"footnotes":""},"class_list":["post-25","page","type-page","status-publish","has-post-thumbnail","hentry"],"yoast_head":"<!-- This site is optimized with the Yoast SEO plugin v25.1 - https:\/\/yoast.com\/wordpress\/plugins\/seo\/ -->\n<title>Contact -<\/title>\n<meta name=\"robots\" content=\"index, follow, max-snippet:-1, max-image-preview:large, max-video-preview:-1\" \/>\n<link rel=\"canonical\" href=\"https:\/\/comiti-concept.fr\/index.php\/devis-contact\/\" \/>\n<meta property=\"og:locale\" content=\"fr_FR\" \/>\n<meta property=\"og:type\" content=\"article\" \/>\n<meta property=\"og:title\" content=\"Contact -\" \/>\n<meta property=\"og:description\" content=\"En tant que concepteur-agenceur j&rsquo;interviens \u00e0 votre domicile pour vous conseiller et vous accompagner dans tous vos projets d&rsquo;am\u00e9nagement d&rsquo;int\u00e9rieur. Nous allons, ensemble, concevoir votre &hellip;\" \/>\n<meta property=\"og:url\" content=\"https:\/\/comiti-concept.fr\/index.php\/devis-contact\/\" \/>\n<meta property=\"article:modified_time\" content=\"2024-11-21T14:35:37+00:00\" \/>\n<meta property=\"og:image\" content=\"http:\/\/comiti-concept.fr\/wp-content\/uploads\/2024\/11\/pexels-karolina-grabowska-4977399-1-scaled.jpg\" \/>\n\t<meta property=\"og:image:width\" content=\"1707\" \/>\n\t<meta property=\"og:image:height\" content=\"2560\" \/>\n\t<meta property=\"og:image:type\" content=\"image\/jpeg\" \/>\n<meta name=\"twitter:card\" content=\"summary_large_image\" \/>\n<script type=\"application\/ld+json\" class=\"yoast-schema-graph\">{\"@context\":\"https:\/\/schema.org\",\"@graph\":[{\"@type\":\"WebPage\",\"@id\":\"https:\/\/comiti-concept.fr\/index.php\/devis-contact\/\",\"url\":\"https:\/\/comiti-concept.fr\/index.php\/devis-contact\/\",\"name\":\"Contact -\",\"isPartOf\":{\"@id\":\"https:\/\/comiti-concept.fr\/#website\"},\"primaryImageOfPage\":{\"@id\":\"https:\/\/comiti-concept.fr\/index.php\/devis-contact\/#primaryimage\"},\"image\":{\"@id\":\"https:\/\/comiti-concept.fr\/index.php\/devis-contact\/#primaryimage\"},\"thumbnailUrl\":\"https:\/\/comiti-concept.fr\/wp-content\/uploads\/2024\/11\/pexels-karolina-grabowska-4977399-1-scaled.jpg\",\"datePublished\":\"2024-11-13T13:07:04+00:00\",\"dateModified\":\"2024-11-21T14:35:37+00:00\",\"breadcrumb\":{\"@id\":\"https:\/\/comiti-concept.fr\/index.php\/devis-contact\/#breadcrumb\"},\"inLanguage\":\"fr-FR\",\"potentialAction\":[{\"@type\":\"ReadAction\",\"target\":[\"https:\/\/comiti-concept.fr\/index.php\/devis-contact\/\"]}]},{\"@type\":\"ImageObject\",\"inLanguage\":\"fr-FR\",\"@id\":\"https:\/\/comiti-concept.fr\/index.php\/devis-contact\/#primaryimage\",\"url\":\"https:\/\/comiti-concept.fr\/wp-content\/uploads\/2024\/11\/pexels-karolina-grabowska-4977399-1-scaled.jpg\",\"contentUrl\":\"https:\/\/comiti-concept.fr\/wp-content\/uploads\/2024\/11\/pexels-karolina-grabowska-4977399-1-scaled.jpg\",\"width\":1707,\"height\":2560},{\"@type\":\"BreadcrumbList\",\"@id\":\"https:\/\/comiti-concept.fr\/index.php\/devis-contact\/#breadcrumb\",\"itemListElement\":[{\"@type\":\"ListItem\",\"position\":1,\"name\":\"Accueil\",\"item\":\"https:\/\/comiti-concept.fr\/\"},{\"@type\":\"ListItem\",\"position\":2,\"name\":\"Contact\"}]},{\"@type\":\"WebSite\",\"@id\":\"https:\/\/comiti-concept.fr\/#website\",\"url\":\"https:\/\/comiti-concept.fr\/\",\"name\":\"\",\"description\":\"Conseils en agencement de cuisines et d\u00e9co d&#039;int\u00e9rieur\",\"potentialAction\":[{\"@type\":\"SearchAction\",\"target\":{\"@type\":\"EntryPoint\",\"urlTemplate\":\"https:\/\/comiti-concept.fr\/?s={search_term_string}\"},\"query-input\":{\"@type\":\"PropertyValueSpecification\",\"valueRequired\":true,\"valueName\":\"search_term_string\"}}],\"inLanguage\":\"fr-FR\"}]}<\/script>\n<!-- \/ Yoast SEO plugin. -->","yoast_head_json":{"title":"Contact -","robots":{"index":"index","follow":"follow","max-snippet":"max-snippet:-1","max-image-preview":"max-image-preview:large","max-video-preview":"max-video-preview:-1"},"canonical":"https:\/\/comiti-concept.fr\/index.php\/devis-contact\/","og_locale":"fr_FR","og_type":"article","og_title":"Contact -","og_description":"En tant que concepteur-agenceur j&rsquo;interviens \u00e0 votre domicile pour vous conseiller et vous accompagner dans tous vos projets d&rsquo;am\u00e9nagement d&rsquo;int\u00e9rieur. Nous allons, ensemble, concevoir votre &hellip;","og_url":"https:\/\/comiti-concept.fr\/index.php\/devis-contact\/","article_modified_time":"2024-11-21T14:35:37+00:00","og_image":[{"width":1707,"height":2560,"url":"http:\/\/comiti-concept.fr\/wp-content\/uploads\/2024\/11\/pexels-karolina-grabowska-4977399-1-scaled.jpg","type":"image\/jpeg"}],"twitter_card":"summary_large_image","schema":{"@context":"https:\/\/schema.org","@graph":[{"@type":"WebPage","@id":"https:\/\/comiti-concept.fr\/index.php\/devis-contact\/","url":"https:\/\/comiti-concept.fr\/index.php\/devis-contact\/","name":"Contact -","isPartOf":{"@id":"https:\/\/comiti-concept.fr\/#website"},"primaryImageOfPage":{"@id":"https:\/\/comiti-concept.fr\/index.php\/devis-contact\/#primaryimage"},"image":{"@id":"https:\/\/comiti-concept.fr\/index.php\/devis-contact\/#primaryimage"},"thumbnailUrl":"https:\/\/comiti-concept.fr\/wp-content\/uploads\/2024\/11\/pexels-karolina-grabowska-4977399-1-scaled.jpg","datePublished":"2024-11-13T13:07:04+00:00","dateModified":"2024-11-21T14:35:37+00:00","breadcrumb":{"@id":"https:\/\/comiti-concept.fr\/index.php\/devis-contact\/#breadcrumb"},"inLanguage":"fr-FR","potentialAction":[{"@type":"ReadAction","target":["https:\/\/comiti-concept.fr\/index.php\/devis-contact\/"]}]},{"@type":"ImageObject","inLanguage":"fr-FR","@id":"https:\/\/comiti-concept.fr\/index.php\/devis-contact\/#primaryimage","url":"https:\/\/comiti-concept.fr\/wp-content\/uploads\/2024\/11\/pexels-karolina-grabowska-4977399-1-scaled.jpg","contentUrl":"https:\/\/comiti-concept.fr\/wp-content\/uploads\/2024\/11\/pexels-karolina-grabowska-4977399-1-scaled.jpg","width":1707,"height":2560},{"@type":"BreadcrumbList","@id":"https:\/\/comiti-concept.fr\/index.php\/devis-contact\/#breadcrumb","itemListElement":[{"@type":"ListItem","position":1,"name":"Accueil","item":"https:\/\/comiti-concept.fr\/"},{"@type":"ListItem","position":2,"name":"Contact"}]},{"@type":"WebSite","@id":"https:\/\/comiti-concept.fr\/#website","url":"https:\/\/comiti-concept.fr\/","name":"","description":"Conseils en agencement de cuisines et d\u00e9co d&#039;int\u00e9rieur","potentialAction":[{"@type":"SearchAction","target":{"@type":"EntryPoint","urlTemplate":"https:\/\/comiti-concept.fr\/?s={search_term_string}"},"query-input":{"@type":"PropertyValueSpecification","valueRequired":true,"valueName":"search_term_string"}}],"inLanguage":"fr-FR"}]}},"rttpg_featured_image_url":{"full":["https:\/\/comiti-concept.fr\/wp-content\/uploads\/2024\/11\/pexels-karolina-grabowska-4977399-1-scaled.jpg",1707,2560,false],"landscape":["https:\/\/comiti-concept.fr\/wp-content\/uploads\/2024\/11\/pexels-karolina-grabowska-4977399-1-scaled.jpg",1707,2560,false],"portraits":["https:\/\/comiti-concept.fr\/wp-content\/uploads\/2024\/11\/pexels-karolina-grabowska-4977399-1-scaled.jpg",1707,2560,false],"thumbnail":["https:\/\/comiti-concept.fr\/wp-content\/uploads\/2024\/11\/pexels-karolina-grabowska-4977399-1-150x150.jpg",150,150,true],"medium":["https:\/\/comiti-concept.fr\/wp-content\/uploads\/2024\/11\/pexels-karolina-grabowska-4977399-1-200x300.jpg",200,300,true],"large":["https:\/\/comiti-concept.fr\/wp-content\/uploads\/2024\/11\/pexels-karolina-grabowska-4977399-1-683x1024.jpg",683,1024,true],"1536x1536":["https:\/\/comiti-concept.fr\/wp-content\/uploads\/2024\/11\/pexels-karolina-grabowska-4977399-1-1024x1536.jpg",1024,1536,true],"2048x2048":["https:\/\/comiti-concept.fr\/wp-content\/uploads\/2024\/11\/pexels-karolina-grabowska-4977399-1-scaled.jpg",1366,2048,false],"post-thumbnail":["https:\/\/comiti-concept.fr\/wp-content\/uploads\/2024\/11\/pexels-karolina-grabowska-4977399-1-scaled.jpg",200,300,false],"bravada-featured":["https:\/\/comiti-concept.fr\/wp-content\/uploads\/2024\/11\/pexels-karolina-grabowska-4977399-1-scaled.jpg",200,300,false],"bravada-featured-lp":["https:\/\/comiti-concept.fr\/wp-content\/uploads\/2024\/11\/pexels-karolina-grabowska-4977399-1-scaled.jpg",200,300,false],"bravada-featured-half":["https:\/\/comiti-concept.fr\/wp-content\/uploads\/2024\/11\/pexels-karolina-grabowska-4977399-1-scaled.jpg",200,300,false],"bravada-featured-third":["https:\/\/comiti-concept.fr\/wp-content\/uploads\/2024\/11\/pexels-karolina-grabowska-4977399-1-scaled.jpg",200,300,false],"bravada-lpbox-1":["https:\/\/comiti-concept.fr\/wp-content\/uploads\/2024\/11\/pexels-karolina-grabowska-4977399-1-scaled.jpg",1707,2560,false],"bravada-lpbox-2":["https:\/\/comiti-concept.fr\/wp-content\/uploads\/2024\/11\/pexels-karolina-grabowska-4977399-1-scaled.jpg",400,600,false],"woocommerce_thumbnail":["https:\/\/comiti-concept.fr\/wp-content\/uploads\/2024\/11\/pexels-karolina-grabowska-4977399-1-scaled-300x300.jpg",300,300,true],"woocommerce_single":["https:\/\/comiti-concept.fr\/wp-content\/uploads\/2024\/11\/pexels-karolina-grabowska-4977399-1-scaled-600x900.jpg",600,900,true],"woocommerce_gallery_thumbnail":["https:\/\/comiti-concept.fr\/wp-content\/uploads\/2024\/11\/pexels-karolina-grabowska-4977399-1-scaled-100x100.jpg",100,100,true]},"rttpg_author":{"display_name":"admin8176","author_link":"https:\/\/comiti-concept.fr\/index.php\/author\/admin8176\/"},"rttpg_comment":0,"rttpg_category":null,"rttpg_excerpt":"En tant que concepteur-agenceur j&rsquo;interviens \u00e0 votre domicile pour vous conseiller et vous accompagner dans tous vos projets d&rsquo;am\u00e9nagement d&rsquo;int\u00e9rieur. Nous allons, ensemble, concevoir votre &hellip;","_links":{"self":[{"href":"https:\/\/comiti-concept.fr\/index.php\/wp-json\/wp\/v2\/pages\/25","targetHints":{"allow":["GET"]}}],"collection":[{"href":"https:\/\/comiti-concept.fr\/index.php\/wp-json\/wp\/v2\/pages"}],"about":[{"href":"https:\/\/comiti-concept.fr\/index.php\/wp-json\/wp\/v2\/types\/page"}],"author":[{"embeddable":true,"href":"https:\/\/comiti-concept.fr\/index.php\/wp-json\/wp\/v2\/users\/1"}],"replies":[{"embeddable":true,"href":"https:\/\/comiti-concept.fr\/index.php\/wp-json\/wp\/v2\/comments?post=25"}],"version-history":[{"count":14,"href":"https:\/\/comiti-concept.fr\/index.php\/wp-json\/wp\/v2\/pages\/25\/revisions"}],"predecessor-version":[{"id":260,"href":"https:\/\/comiti-concept.fr\/index.php\/wp-json\/wp\/v2\/pages\/25\/revisions\/260"}],"wp:featuredmedia":[{"embeddable":true,"href":"https:\/\/comiti-concept.fr\/index.php\/wp-json\/wp\/v2\/media\/339"}],"wp:attachment":[{"href":"https:\/\/comiti-concept.fr\/index.php\/wp-json\/wp\/v2\/media?parent=25"}],"curies":[{"name":"wp","href":"https:\/\/api.w.org\/{rel}","templated":true}]}}